{"id":9726,"date":"2024-05-01T15:28:54","date_gmt":"2024-05-01T13:28:54","guid":{"rendered":"https:\/\/along-the-ridge.ch\/yorick-brunet-along-the-ridge-stories-hikes\/"},"modified":"2024-09-22T10:29:03","modified_gmt":"2024-09-22T08:29:03","slug":"yorick-brunet-along-the-ridge-stories-hikes","status":"publish","type":"page","link":"https:\/\/along-the-ridge.ch\/en\/yorick-brunet-along-the-ridge-stories-hikes\/","title":{"rendered":"Hiking stories"},"content":{"rendered":"\t\t<div data-elementor-type=\"wp-page\" data-elementor-id=\"9726\" class=\"elementor elementor-9726 elementor-8718\">\n\t\t\t\t\t\t<section class=\"elementor-section elementor-top-section elementor-element elementor-element-4a5cc91 elementor-section-full_width elementor-section-height-default elementor-section-height-default\" data-id=\"4a5cc91\" data-element_type=\"section\" data-e-type=\"section\">\n\t\t\t\t\t\t<div class=\"elementor-container elementor-column-gap-no\">\n\t\t\t\t\t<div class=\"elementor-column elementor-col-100 elementor-top-column elementor-element elementor-element-ae28ce4\" data-id=\"ae28ce4\" data-element_type=\"column\" data-e-type=\"column\">\n\t\t\t<div class=\"elementor-widget-wrap elementor-element-populated\">\n\t\t\t\t\t\t<div class=\"elementor-element elementor-element-6087921 elementor-widget elementor-widget-heading\" data-id=\"6087921\" data-element_type=\"widget\" data-e-type=\"widget\" data-widget_type=\"heading.default\">\n\t\t\t\t<div class=\"elementor-widget-container\">\n\t\t\t\t\t<h1 class=\"elementor-heading-title elementor-size-default\">Hiking stories<\/h1>\t\t\t\t<\/div>\n\t\t\t\t<\/div>\n\t\t\t\t<div class=\"elementor-element elementor-element-1ca0c1c elementor-widget elementor-widget-text-editor\" data-id=\"1ca0c1c\" data-element_type=\"widget\" data-e-type=\"widget\" data-widget_type=\"text-editor.default\">\n\t\t\t\t<div class=\"elementor-widget-container\">\n\t\t\t\t\t\t\t\t\t<p>The stories of my hikes are there to present the possible treks with <i>Along the Ridge<\/i>. These hikes are not currently in <a href=\"https:\/\/along-the-ridge.ch\/en\/yorick-brunet-along-the-ridge-hiking-programme\/\">my programme<\/a>, but have been or will be in the near future. <\/p>\n<p>Are you interested in one of these hikes? <a href=\"https:\/\/along-the-ridge.ch\/en\/yorick-brunet-along-the-ridge-contact\/\">Contact me<\/a> to let me know of your interest!<\/p>\n\t\t\t\t\t\t\t\t<\/div>\n\t\t\t\t<\/div>\n\t\t\t\t<div class=\"elementor-element elementor-element-d465d85 elementor-widget elementor-widget-trekon_core_blog_list\" data-id=\"d465d85\" data-element_type=\"widget\" data-e-type=\"widget\" data-widget_type=\"trekon_core_blog_list.default\">\n\t\t\t\t<div class=\"elementor-widget-container\">\n\t\t\t\t\t<div class=\"qodef-shortcode qodef-m  qodef-blog qodef--list qodef-item-layout--standard qodef-grid qodef-layout--columns   qodef-vertical-gutter--extreme qodef-col-num--3 qodef-item-layout--standard qodef-pagination--on qodef-pagination-type--standard qodef-responsive--predefined qodef-swiper--show-pagination\"  data-options=\"{&quot;plugin&quot;:&quot;trekon_core&quot;,&quot;module&quot;:&quot;blog\\\/shortcodes&quot;,&quot;shortcode&quot;:&quot;blog-list&quot;,&quot;post_type&quot;:&quot;post&quot;,&quot;next_page&quot;:&quot;2&quot;,&quot;max_pages_num&quot;:1,&quot;behavior&quot;:&quot;columns&quot;,&quot;images_proportion&quot;:&quot;full&quot;,&quot;columns&quot;:&quot;3&quot;,&quot;columns_responsive&quot;:&quot;predefined&quot;,&quot;columns_1440&quot;:&quot;3&quot;,&quot;columns_1366&quot;:&quot;3&quot;,&quot;columns_1024&quot;:&quot;3&quot;,&quot;columns_768&quot;:&quot;3&quot;,&quot;columns_680&quot;:&quot;3&quot;,&quot;columns_480&quot;:&quot;3&quot;,&quot;vertical_space&quot;:&quot;extreme&quot;,&quot;split_number&quot;:&quot;2.5&quot;,&quot;posts_per_page&quot;:&quot;6&quot;,&quot;orderby&quot;:&quot;date&quot;,&quot;order&quot;:&quot;DESC&quot;,&quot;additional_params&quot;:&quot;tax&quot;,&quot;tax&quot;:&quot;category&quot;,&quot;tax_slug&quot;:&quot;recits&quot;,&quot;layout&quot;:&quot;standard&quot;,&quot;title_tag&quot;:&quot;h2&quot;,&quot;excerpt_length&quot;:&quot;400&quot;,&quot;pagination_type&quot;:&quot;standard&quot;,&quot;pagination_top_margin&quot;:&quot;margin-top: 90px&quot;,&quot;object_class_name&quot;:&quot;TrekOnCore_Blog_List_Shortcode&quot;,&quot;taxonomy_filter&quot;:&quot;category&quot;,&quot;additional_query_args&quot;:{&quot;tax_query&quot;:[{&quot;taxonomy&quot;:&quot;category&quot;,&quot;field&quot;:&quot;slug&quot;,&quot;terms&quot;:&quot;recits&quot;}]},&quot;holder_styles&quot;:[]}\">\n\t\t<div class=\"qodef-grid-inner\">\n\t\t<article class=\"qodef-e qodef-blog-item qodef-grid-item qodef-item--full post-9800 post type-post status-publish format-standard has-post-thumbnail hentry category-stories category-summer-hikes tag-several-days tag-vd-en tag-vs-en\">\n\t<div class=\"qodef-e-inner\">\n\t\t<div class=\"qodef-e-media\">\n\t\t<div class=\"qodef-e-media-image\">\n\t\t<a itemprop=\"url\" href=\"https:\/\/along-the-ridge.ch\/en\/hike-tour-des-muverans\/\">\n\t\t\t<img fetchpriority=\"high\" decoding=\"async\" width=\"1300\" height=\"975\" src=\"https:\/\/along-the-ridge.ch\/wp-content\/uploads\/2024\/07\/VD_Tour_des_Muverans-front-03.jpg\" class=\"attachment-full size-full wp-post-image\" alt=\"Tour des Muverans, Canton of Vaud, Switzerland - Yorick Brunet - Along the Ridge - Mountain leader\" srcset=\"https:\/\/along-the-ridge.ch\/wp-content\/uploads\/2024\/07\/VD_Tour_des_Muverans-front-03.jpg 1300w, https:\/\/along-the-ridge.ch\/wp-content\/uploads\/2024\/07\/VD_Tour_des_Muverans-front-03-300x225.jpg 300w, https:\/\/along-the-ridge.ch\/wp-content\/uploads\/2024\/07\/VD_Tour_des_Muverans-front-03-1024x768.jpg 1024w, https:\/\/along-the-ridge.ch\/wp-content\/uploads\/2024\/07\/VD_Tour_des_Muverans-front-03-768x576.jpg 768w\" sizes=\"(max-width: 1300px) 100vw, 1300px\" \/>\t\t<\/a>\n\t<\/div>\n<\/div>\n\t\t<div class=\"qodef-e-content\">\n\t\t\t<div class=\"qodef-e-top-holder\">\n\t\t\t\t<div class=\"qodef-e-info\">\n\t\t\t\t\t<a href=\"https:\/\/along-the-ridge.ch\/en\/category\/stories\/\" rel=\"tag\">Stories<\/a><span class=\"qodef-info-separator-single\"><\/span><a href=\"https:\/\/along-the-ridge.ch\/en\/category\/summer-hikes\/\" rel=\"tag\">Summer hikes<\/a><div class=\"qodef-info-separator-end\"><\/div><a itemprop=\"dateCreated\" href=\"https:\/\/along-the-ridge.ch\/en\/2024\/07\/\" class=\"entry-date \">\n\t31 July 2024<\/a><div class=\"qodef-info-separator-end\"><\/div>\n\t\t\t\t<\/div>\n\t\t\t<\/div>\n\t\t\t<div class=\"qodef-e-text\">\n\t\t\t\t<h2 itemprop=\"name\" class=\"qodef-e-title entry-title\" >\n\t<a itemprop=\"url\" class=\"qodef-e-title-link\" href=\"https:\/\/along-the-ridge.ch\/en\/hike-tour-des-muverans\/\">\n\t\tHike on the Tour des Muverans\t<\/a>\n<\/h2>\n\t\t<p itemprop=\"description\" class=\"qodef-e-excerpt\">The Tour des Muverans is a magnificent hike that takes you through valleys, nature reserves, passes, ridges, lakes and rivers.<\/p>\n\t\t\t\t\t<\/div>\n\t\t\t<div class=\"qodef-e-bottom-holder\">\n\t\t\t\t<div class=\"qodef-e-left\">\n\t\t\t\t\t\t<div class=\"qodef-e-read-more\">\n\t\t<a class=\"qodef-shortcode qodef-m  qodef-button qodef-layout--filled  qodef-html--link\" href=\"https:\/\/along-the-ridge.ch\/en\/hike-tour-des-muverans\/\" target=\"_self\"  >\t<span class=\"qodef-m-text\">Read More<\/span><\/a>\t<\/div>\n\t\t\t\t<\/div>\n\t\t\t<\/div>\n\t\t<\/div>\n\t<\/div>\n<\/article>\n<article class=\"qodef-e qodef-blog-item qodef-grid-item qodef-item--full post-9777 post type-post status-publish format-standard has-post-thumbnail hentry category-stories category-summer-hikes tag-1-day tag-be-en tag-ridge\">\n\t<div class=\"qodef-e-inner\">\n\t\t<div class=\"qodef-e-media\">\n\t\t<div class=\"qodef-e-media-image\">\n\t\t<a itemprop=\"url\" href=\"https:\/\/along-the-ridge.ch\/en\/hike-along-hardergrat-augstmatthorn\/\">\n\t\t\t<img decoding=\"async\" width=\"1300\" height=\"867\" src=\"https:\/\/along-the-ridge.ch\/wp-content\/uploads\/2024\/05\/BE_Hardergrat-front-00279.jpg\" class=\"attachment-full size-full wp-post-image\" alt=\"Hardergrat (Lake Brienz, Interlaken), Canton Bern, Switzerland - Yorick Brunet - Along the Ridge - Mountain leader\" srcset=\"https:\/\/along-the-ridge.ch\/wp-content\/uploads\/2024\/05\/BE_Hardergrat-front-00279.jpg 1300w, https:\/\/along-the-ridge.ch\/wp-content\/uploads\/2024\/05\/BE_Hardergrat-front-00279-300x200.jpg 300w, https:\/\/along-the-ridge.ch\/wp-content\/uploads\/2024\/05\/BE_Hardergrat-front-00279-1024x683.jpg 1024w, https:\/\/along-the-ridge.ch\/wp-content\/uploads\/2024\/05\/BE_Hardergrat-front-00279-768x512.jpg 768w\" sizes=\"(max-width: 1300px) 100vw, 1300px\" \/>\t\t<\/a>\n\t<\/div>\n<\/div>\n\t\t<div class=\"qodef-e-content\">\n\t\t\t<div class=\"qodef-e-top-holder\">\n\t\t\t\t<div class=\"qodef-e-info\">\n\t\t\t\t\t<a href=\"https:\/\/along-the-ridge.ch\/en\/category\/stories\/\" rel=\"tag\">Stories<\/a><span class=\"qodef-info-separator-single\"><\/span><a href=\"https:\/\/along-the-ridge.ch\/en\/category\/summer-hikes\/\" rel=\"tag\">Summer hikes<\/a><div class=\"qodef-info-separator-end\"><\/div><a itemprop=\"dateCreated\" href=\"https:\/\/along-the-ridge.ch\/en\/2024\/05\/\" class=\"entry-date \">\n\t3 May 2024<\/a><div class=\"qodef-info-separator-end\"><\/div>\n\t\t\t\t<\/div>\n\t\t\t<\/div>\n\t\t\t<div class=\"qodef-e-text\">\n\t\t\t\t<h2 itemprop=\"name\" class=\"qodef-e-title entry-title\" >\n\t<a itemprop=\"url\" class=\"qodef-e-title-link\" href=\"https:\/\/along-the-ridge.ch\/en\/hike-along-hardergrat-augstmatthorn\/\">\n\t\tHike along the Hardergrat\t<\/a>\n<\/h2>\n\t\t<p itemprop=\"description\" class=\"qodef-e-excerpt\">A magnificent and demanding hike along the Hardergrat in the Interlaken region via the Augstmatthorn. This ridge runs alongside Lake Brienz. <\/p>\n\t\t\t\t\t<\/div>\n\t\t\t<div class=\"qodef-e-bottom-holder\">\n\t\t\t\t<div class=\"qodef-e-left\">\n\t\t\t\t\t\t<div class=\"qodef-e-read-more\">\n\t\t<a class=\"qodef-shortcode qodef-m  qodef-button qodef-layout--filled  qodef-html--link\" href=\"https:\/\/along-the-ridge.ch\/en\/hike-along-hardergrat-augstmatthorn\/\" target=\"_self\"  >\t<span class=\"qodef-m-text\">Read More<\/span><\/a>\t<\/div>\n\t\t\t\t<\/div>\n\t\t\t<\/div>\n\t\t<\/div>\n\t<\/div>\n<\/article>\n\t<\/div>\n\t<\/div>\n\t\t\t\t<\/div>\n\t\t\t\t<\/div>\n\t\t\t\t\t<\/div>\n\t\t<\/div>\n\t\t\t\t\t<\/div>\n\t\t<\/section>\n\t\t\t\t<\/div>\n\t\t","protected":false},"excerpt":{"rendered":"<p>Hiking stories The stories of my hikes are there to present the possible treks with Along the Ridge. These hikes are not currently in my programme, but have been or will be in the near future. Are you interested in one of these hikes? Contact me to let me know of your interest! Randonn\u00e9e p\u00e9destreR\u00e9cits [&hellip;]<\/p>\n","protected":false},"author":1,"featured_media":9549,"parent":0,"menu_order":0,"comment_status":"closed","ping_status":"closed","template":"","meta":{"footnotes":""},"class_list":["post-9726","page","type-page","status-publish","has-post-thumbnail","hentry"],"yoast_head":"<!-- This site is optimized with the Yoast SEO plugin v27.5 - https:\/\/yoast.com\/product\/yoast-seo-wordpress\/ -->\n<title>Along the Ridge - Yorick Brunet - Hiking stories<\/title>\n<meta name=\"description\" content=\"Along the Ridge - Yorick Brunet - is a Mountain Leader in Switzerland; read more about my hikes on my website.\" \/>\n<meta name=\"robots\" content=\"index, follow, max-snippet:-1, max-image-preview:large, max-video-preview:-1\" \/>\n<link rel=\"canonical\" href=\"https:\/\/along-the-ridge.ch\/en\/yorick-brunet-along-the-ridge-stories-hikes\/\" \/>\n<meta property=\"og:locale\" content=\"en_US\" \/>\n<meta property=\"og:type\" content=\"article\" \/>\n<meta property=\"og:title\" content=\"Along the Ridge - Yorick Brunet - Hiking stories\" \/>\n<meta property=\"og:description\" content=\"Along the Ridge - Yorick Brunet - is a Mountain Leader in Switzerland; read more about my hikes on my website.\" \/>\n<meta property=\"og:url\" content=\"https:\/\/along-the-ridge.ch\/en\/yorick-brunet-along-the-ridge-stories-hikes\/\" \/>\n<meta property=\"og:site_name\" content=\"Along the Ridge\" \/>\n<meta property=\"article:publisher\" content=\"https:\/\/www.facebook.com\/yorick.brunet\" \/>\n<meta property=\"article:modified_time\" content=\"2024-09-22T08:29:03+00:00\" \/>\n<meta property=\"og:image\" content=\"https:\/\/along-the-ridge.ch\/wp-content\/uploads\/2024\/04\/logo_black_text_400x.png\" \/>\n\t<meta property=\"og:image:width\" content=\"400\" \/>\n\t<meta property=\"og:image:height\" content=\"277\" \/>\n\t<meta property=\"og:image:type\" content=\"image\/png\" \/>\n<meta name=\"twitter:card\" content=\"summary_large_image\" \/>\n<meta name=\"twitter:label1\" content=\"Est. reading time\" \/>\n\t<meta name=\"twitter:data1\" content=\"1 minute\" \/>\n<script type=\"application\/ld+json\" class=\"yoast-schema-graph\">{\"@context\":\"https:\\\/\\\/schema.org\",\"@graph\":[{\"@type\":\"WebPage\",\"@id\":\"https:\\\/\\\/along-the-ridge.ch\\\/en\\\/yorick-brunet-along-the-ridge-stories-hikes\\\/\",\"url\":\"https:\\\/\\\/along-the-ridge.ch\\\/en\\\/yorick-brunet-along-the-ridge-stories-hikes\\\/\",\"name\":\"Along the Ridge - Yorick Brunet - Hiking stories\",\"isPartOf\":{\"@id\":\"https:\\\/\\\/along-the-ridge.ch\\\/en\\\/#website\"},\"primaryImageOfPage\":{\"@id\":\"https:\\\/\\\/along-the-ridge.ch\\\/en\\\/yorick-brunet-along-the-ridge-stories-hikes\\\/#primaryimage\"},\"image\":{\"@id\":\"https:\\\/\\\/along-the-ridge.ch\\\/en\\\/yorick-brunet-along-the-ridge-stories-hikes\\\/#primaryimage\"},\"thumbnailUrl\":\"https:\\\/\\\/along-the-ridge.ch\\\/wp-content\\\/uploads\\\/2024\\\/04\\\/logo_black_text_400x.png\",\"datePublished\":\"2024-05-01T13:28:54+00:00\",\"dateModified\":\"2024-09-22T08:29:03+00:00\",\"description\":\"Along the Ridge - Yorick Brunet - is a Mountain Leader in Switzerland; read more about my hikes on my website.\",\"breadcrumb\":{\"@id\":\"https:\\\/\\\/along-the-ridge.ch\\\/en\\\/yorick-brunet-along-the-ridge-stories-hikes\\\/#breadcrumb\"},\"inLanguage\":\"en-US\",\"potentialAction\":[{\"@type\":\"ReadAction\",\"target\":[\"https:\\\/\\\/along-the-ridge.ch\\\/en\\\/yorick-brunet-along-the-ridge-stories-hikes\\\/\"]}]},{\"@type\":\"ImageObject\",\"inLanguage\":\"en-US\",\"@id\":\"https:\\\/\\\/along-the-ridge.ch\\\/en\\\/yorick-brunet-along-the-ridge-stories-hikes\\\/#primaryimage\",\"url\":\"https:\\\/\\\/along-the-ridge.ch\\\/wp-content\\\/uploads\\\/2024\\\/04\\\/logo_black_text_400x.png\",\"contentUrl\":\"https:\\\/\\\/along-the-ridge.ch\\\/wp-content\\\/uploads\\\/2024\\\/04\\\/logo_black_text_400x.png\",\"width\":400,\"height\":277,\"caption\":\"Yorick Brunet - Along the Ridge - Mountain leader\"},{\"@type\":\"BreadcrumbList\",\"@id\":\"https:\\\/\\\/along-the-ridge.ch\\\/en\\\/yorick-brunet-along-the-ridge-stories-hikes\\\/#breadcrumb\",\"itemListElement\":[{\"@type\":\"ListItem\",\"position\":1,\"name\":\"Home\",\"item\":\"https:\\\/\\\/along-the-ridge.ch\\\/en\\\/yorick-brunet-along-the-ridge-mountain-leader\\\/\"},{\"@type\":\"ListItem\",\"position\":2,\"name\":\"Hiking stories\"}]},{\"@type\":\"WebSite\",\"@id\":\"https:\\\/\\\/along-the-ridge.ch\\\/en\\\/#website\",\"url\":\"https:\\\/\\\/along-the-ridge.ch\\\/en\\\/\",\"name\":\"Along the Ridge\",\"description\":\"\",\"publisher\":{\"@id\":\"https:\\\/\\\/along-the-ridge.ch\\\/en\\\/#organization\"},\"potentialAction\":[{\"@type\":\"SearchAction\",\"target\":{\"@type\":\"EntryPoint\",\"urlTemplate\":\"https:\\\/\\\/along-the-ridge.ch\\\/en\\\/?s={search_term_string}\"},\"query-input\":{\"@type\":\"PropertyValueSpecification\",\"valueRequired\":true,\"valueName\":\"search_term_string\"}}],\"inLanguage\":\"en-US\"},{\"@type\":\"Organization\",\"@id\":\"https:\\\/\\\/along-the-ridge.ch\\\/en\\\/#organization\",\"name\":\"Along the Ridge\",\"url\":\"https:\\\/\\\/along-the-ridge.ch\\\/en\\\/\",\"logo\":{\"@type\":\"ImageObject\",\"inLanguage\":\"en-US\",\"@id\":\"https:\\\/\\\/along-the-ridge.ch\\\/en\\\/#\\\/schema\\\/logo\\\/image\\\/\",\"url\":\"https:\\\/\\\/along-the-ridge.ch\\\/wp-content\\\/uploads\\\/2024\\\/04\\\/logo_black_text_400x.png\",\"contentUrl\":\"https:\\\/\\\/along-the-ridge.ch\\\/wp-content\\\/uploads\\\/2024\\\/04\\\/logo_black_text_400x.png\",\"width\":400,\"height\":277,\"caption\":\"Along the Ridge\"},\"image\":{\"@id\":\"https:\\\/\\\/along-the-ridge.ch\\\/en\\\/#\\\/schema\\\/logo\\\/image\\\/\"},\"sameAs\":[\"https:\\\/\\\/www.facebook.com\\\/yorick.brunet\",\"https:\\\/\\\/www.instagram.com\\\/along.the.ridge.ch\\\/\"]}]}<\/script>\n<!-- \/ Yoast SEO plugin. -->","yoast_head_json":{"title":"Along the Ridge - Yorick Brunet - Hiking stories","description":"Along the Ridge - Yorick Brunet - is a Mountain Leader in Switzerland; read more about my hikes on my website.","robots":{"index":"index","follow":"follow","max-snippet":"max-snippet:-1","max-image-preview":"max-image-preview:large","max-video-preview":"max-video-preview:-1"},"canonical":"https:\/\/along-the-ridge.ch\/en\/yorick-brunet-along-the-ridge-stories-hikes\/","og_locale":"en_US","og_type":"article","og_title":"Along the Ridge - Yorick Brunet - Hiking stories","og_description":"Along the Ridge - Yorick Brunet - is a Mountain Leader in Switzerland; read more about my hikes on my website.","og_url":"https:\/\/along-the-ridge.ch\/en\/yorick-brunet-along-the-ridge-stories-hikes\/","og_site_name":"Along the Ridge","article_publisher":"https:\/\/www.facebook.com\/yorick.brunet","article_modified_time":"2024-09-22T08:29:03+00:00","og_image":[{"width":400,"height":277,"url":"https:\/\/along-the-ridge.ch\/wp-content\/uploads\/2024\/04\/logo_black_text_400x.png","type":"image\/png"}],"twitter_card":"summary_large_image","twitter_misc":{"Est. reading time":"1 minute"},"schema":{"@context":"https:\/\/schema.org","@graph":[{"@type":"WebPage","@id":"https:\/\/along-the-ridge.ch\/en\/yorick-brunet-along-the-ridge-stories-hikes\/","url":"https:\/\/along-the-ridge.ch\/en\/yorick-brunet-along-the-ridge-stories-hikes\/","name":"Along the Ridge - Yorick Brunet - Hiking stories","isPartOf":{"@id":"https:\/\/along-the-ridge.ch\/en\/#website"},"primaryImageOfPage":{"@id":"https:\/\/along-the-ridge.ch\/en\/yorick-brunet-along-the-ridge-stories-hikes\/#primaryimage"},"image":{"@id":"https:\/\/along-the-ridge.ch\/en\/yorick-brunet-along-the-ridge-stories-hikes\/#primaryimage"},"thumbnailUrl":"https:\/\/along-the-ridge.ch\/wp-content\/uploads\/2024\/04\/logo_black_text_400x.png","datePublished":"2024-05-01T13:28:54+00:00","dateModified":"2024-09-22T08:29:03+00:00","description":"Along the Ridge - Yorick Brunet - is a Mountain Leader in Switzerland; read more about my hikes on my website.","breadcrumb":{"@id":"https:\/\/along-the-ridge.ch\/en\/yorick-brunet-along-the-ridge-stories-hikes\/#breadcrumb"},"inLanguage":"en-US","potentialAction":[{"@type":"ReadAction","target":["https:\/\/along-the-ridge.ch\/en\/yorick-brunet-along-the-ridge-stories-hikes\/"]}]},{"@type":"ImageObject","inLanguage":"en-US","@id":"https:\/\/along-the-ridge.ch\/en\/yorick-brunet-along-the-ridge-stories-hikes\/#primaryimage","url":"https:\/\/along-the-ridge.ch\/wp-content\/uploads\/2024\/04\/logo_black_text_400x.png","contentUrl":"https:\/\/along-the-ridge.ch\/wp-content\/uploads\/2024\/04\/logo_black_text_400x.png","width":400,"height":277,"caption":"Yorick Brunet - Along the Ridge - Mountain leader"},{"@type":"BreadcrumbList","@id":"https:\/\/along-the-ridge.ch\/en\/yorick-brunet-along-the-ridge-stories-hikes\/#breadcrumb","itemListElement":[{"@type":"ListItem","position":1,"name":"Home","item":"https:\/\/along-the-ridge.ch\/en\/yorick-brunet-along-the-ridge-mountain-leader\/"},{"@type":"ListItem","position":2,"name":"Hiking stories"}]},{"@type":"WebSite","@id":"https:\/\/along-the-ridge.ch\/en\/#website","url":"https:\/\/along-the-ridge.ch\/en\/","name":"Along the Ridge","description":"","publisher":{"@id":"https:\/\/along-the-ridge.ch\/en\/#organization"},"potentialAction":[{"@type":"SearchAction","target":{"@type":"EntryPoint","urlTemplate":"https:\/\/along-the-ridge.ch\/en\/?s={search_term_string}"},"query-input":{"@type":"PropertyValueSpecification","valueRequired":true,"valueName":"search_term_string"}}],"inLanguage":"en-US"},{"@type":"Organization","@id":"https:\/\/along-the-ridge.ch\/en\/#organization","name":"Along the Ridge","url":"https:\/\/along-the-ridge.ch\/en\/","logo":{"@type":"ImageObject","inLanguage":"en-US","@id":"https:\/\/along-the-ridge.ch\/en\/#\/schema\/logo\/image\/","url":"https:\/\/along-the-ridge.ch\/wp-content\/uploads\/2024\/04\/logo_black_text_400x.png","contentUrl":"https:\/\/along-the-ridge.ch\/wp-content\/uploads\/2024\/04\/logo_black_text_400x.png","width":400,"height":277,"caption":"Along the Ridge"},"image":{"@id":"https:\/\/along-the-ridge.ch\/en\/#\/schema\/logo\/image\/"},"sameAs":["https:\/\/www.facebook.com\/yorick.brunet","https:\/\/www.instagram.com\/along.the.ridge.ch\/"]}]}},"_links":{"self":[{"href":"https:\/\/along-the-ridge.ch\/en\/wp-json\/wp\/v2\/pages\/9726","targetHints":{"allow":["GET"]}}],"collection":[{"href":"https:\/\/along-the-ridge.ch\/en\/wp-json\/wp\/v2\/pages"}],"about":[{"href":"https:\/\/along-the-ridge.ch\/en\/wp-json\/wp\/v2\/types\/page"}],"author":[{"embeddable":true,"href":"https:\/\/along-the-ridge.ch\/en\/wp-json\/wp\/v2\/users\/1"}],"replies":[{"embeddable":true,"href":"https:\/\/along-the-ridge.ch\/en\/wp-json\/wp\/v2\/comments?post=9726"}],"version-history":[{"count":3,"href":"https:\/\/along-the-ridge.ch\/en\/wp-json\/wp\/v2\/pages\/9726\/revisions"}],"predecessor-version":[{"id":9898,"href":"https:\/\/along-the-ridge.ch\/en\/wp-json\/wp\/v2\/pages\/9726\/revisions\/9898"}],"wp:featuredmedia":[{"embeddable":true,"href":"https:\/\/along-the-ridge.ch\/en\/wp-json\/wp\/v2\/media\/9549"}],"wp:attachment":[{"href":"https:\/\/along-the-ridge.ch\/en\/wp-json\/wp\/v2\/media?parent=9726"}],"curies":[{"name":"wp","href":"https:\/\/api.w.org\/{rel}","templated":true}]}}