{"id":11012,"date":"2026-02-18T07:14:51","date_gmt":"2026-02-18T06:14:51","guid":{"rendered":"https:\/\/along-the-ridge.ch\/?page_id=11012"},"modified":"2026-02-18T10:16:31","modified_gmt":"2026-02-18T09:16:31","slug":"tragemethoden-kinder","status":"publish","type":"page","link":"https:\/\/along-the-ridge.ch\/de\/tragemethoden-kinder\/","title":{"rendered":"Tragemethoden von Kindern"},"content":{"rendered":"\t\t<div data-elementor-type=\"wp-page\" data-elementor-id=\"11012\" class=\"elementor elementor-11012 elementor-11011\">\n\t\t\t\t\t\t<section class=\"elementor-section elementor-top-section elementor-element elementor-element-43a78d08 elementor-section-boxed elementor-section-height-default elementor-section-height-default\" data-id=\"43a78d08\" data-element_type=\"section\" data-e-type=\"section\">\n\t\t\t\t\t\t<div class=\"elementor-container elementor-column-gap-default\">\n\t\t\t\t\t<div class=\"elementor-column elementor-col-100 elementor-top-column elementor-element elementor-element-37a1d66a\" data-id=\"37a1d66a\" data-element_type=\"column\" data-e-type=\"column\">\n\t\t\t<div class=\"elementor-widget-wrap elementor-element-populated\">\n\t\t\t\t\t\t<div class=\"elementor-element elementor-element-6525f93c elementor-widget elementor-widget-heading\" data-id=\"6525f93c\" data-element_type=\"widget\" data-e-type=\"widget\" data-widget_type=\"heading.default\">\n\t\t\t\t<div class=\"elementor-widget-container\">\n\t\t\t\t\t<h1 class=\"elementor-heading-title elementor-size-default\">Tragemethoden von Kindern<\/h1>\t\t\t\t<\/div>\n\t\t\t\t<\/div>\n\t\t\t\t<div class=\"elementor-element elementor-element-63633466 elementor-widget elementor-widget-text-editor\" data-id=\"63633466\" data-element_type=\"widget\" data-e-type=\"widget\" data-widget_type=\"text-editor.default\">\n\t\t\t\t<div class=\"elementor-widget-container\">\n\t\t\t\t\t\t\t\t\t<p>Wie tr\u00e4gst du dein Kind beim Wandern f\u00fcr deine n\u00e4chste <a href=\"https:\/\/along-the-ridge.ch\/de\/die-tragewanderungen\/\">Tragewanderung<\/a>? Es gibt verschiedene Tragemethoden von Kindern. Jede Methode h\u00e4ngt vom Alter des Kindes, deinen pers\u00f6nlichen Vorlieben und der gew\u00e4hlten Aktivit\u00e4t ab. Hier stelle ich dir die wichtigsten Tragemethoden von Kindern vor. <\/p>\t\t\t\t\t\t\t\t<\/div>\n\t\t\t\t<\/div>\n\t\t\t\t<div class=\"elementor-element elementor-element-92fd274 elementor-widget elementor-widget-heading\" data-id=\"92fd274\" data-element_type=\"widget\" data-e-type=\"widget\" data-widget_type=\"heading.default\">\n\t\t\t\t<div class=\"elementor-widget-container\">\n\t\t\t\t\t<h2 class=\"elementor-heading-title elementor-size-default\">Tragetuch<\/h2>\t\t\t\t<\/div>\n\t\t\t\t<\/div>\n\t\t\t\t<div class=\"elementor-element elementor-element-bf73287 elementor-widget elementor-widget-text-editor\" data-id=\"bf73287\" data-element_type=\"widget\" data-e-type=\"widget\" data-widget_type=\"text-editor.default\">\n\t\t\t\t<div class=\"elementor-widget-container\">\n\t\t\t\t\t\t\t\t\t<p>Das <strong>Tragetuch<\/strong> ist ein langes St\u00fcck Stoff, mit dem du dein Baby dank verschiedener Knoten an dir befestigen kannst. Es ist die physiologischste Tragemethode, da sich das Tuch dank eines situationsgerechten Knotens an die K\u00f6rperform der tragenden Person und des Kindes anpasst. Ausserdem kann das Tragetuch ab der Geburt verwendet und sowohl in Bauch- als auch in R\u00fcckentrage-Position genutzt werden. Das Tragetuch ist auch die leichteste Ausr\u00fcstung (es handelt sich um ein St\u00fcck Stoff), die vielseitigste und die am besten geeignete f\u00fcr das \u00ab Wohlbefinden \u00bb des Babys: Es kann deinen Atem und deinen Herzschlag h\u00f6ren! Schliesslich hilft das Tragetuch dabei, die Temperatur des Babys zu regulieren: Im Winter profitiert es von deiner K\u00f6rperw\u00e4rme, und im Sommer profitiert es von deinem Schweiss, der dabei hilft, es abzuk\u00fchlen.<\/p><p>Es wird jedoch dringend empfohlen, eine Trageberaterin aufzusuchen, um zu lernen, das Tuch richtig zu knoten und den gew\u00e4hlten Knoten an die jeweilige Situation anzupassen. Zum Beispiel wirst du dein kleines Baby f\u00fcr Alltagsaktivit\u00e4ten (Mittagsschlaf usw.) wahrscheinlich in Bauchlage tragen, aber beim Wandern wird dringend empfohlen, dein Kind in R\u00fcckentrageposition mit Kopfst\u00fctze zu tragen, um es im Falle eines Sturzes deinerseits bestm\u00f6glich zu sch\u00fctzen.<\/p><p>Der Stoff des Tragetuchs hat unterschiedliche Eigenschaften:<\/p><ul><li>Elastizit\u00e4t: abh\u00e4ngig von deinem pers\u00f6nlichen Empfinden,<\/li><li>L\u00e4nge: abh\u00e4ngig von deiner eigenen K\u00f6rpergr\u00f6sse und dem gew\u00fcnschten Knoten,<\/li><li>Gewicht: abh\u00e4ngig vom gew\u00e4hlten Stoff.<\/li><\/ul><p>Du kannst ein festes Tuch bis ca. 16 kg und ein sehr elastisches Tuch bis ca. 12 kg verwenden. L\u00e0 encore, demandez \u00e0 votre monitrice de portage de vous pr\u00e9senter diff\u00e9rents mod\u00e8les afin de choisir un mod\u00e8le adapt\u00e9 \u00e0 vous et \u00e0 votre enfant.<\/p>\t\t\t\t\t\t\t\t<\/div>\n\t\t\t\t<\/div>\n\t\t\t\t<div class=\"elementor-element elementor-element-3b25906 elementor-widget elementor-widget-heading\" data-id=\"3b25906\" data-element_type=\"widget\" data-e-type=\"widget\" data-widget_type=\"heading.default\">\n\t\t\t\t<div class=\"elementor-widget-container\">\n\t\t\t\t\t<h3 class=\"elementor-heading-title elementor-size-default\">Trageberaterinnen<\/h3>\t\t\t\t<\/div>\n\t\t\t\t<\/div>\n\t\t\t\t<div class=\"elementor-element elementor-element-50c2d00 elementor-widget elementor-widget-text-editor\" data-id=\"50c2d00\" data-element_type=\"widget\" data-e-type=\"widget\" data-widget_type=\"text-editor.default\">\n\t\t\t\t<div class=\"elementor-widget-container\">\n\t\t\t\t\t\t\t\t\t<p>Ich stehe in Kontakt mit mehreren Trageberaterinnen in den Kantonen Bern, Freiburg, Waadt und Wallis. Teile mir deinen Wohnort mit und ich werde dich an die n\u00e4chstgelegene Trageberaterin weiterleiten.<\/p>\t\t\t\t\t\t\t\t<\/div>\n\t\t\t\t<\/div>\n\t\t\t\t<div class=\"elementor-element elementor-element-6a22c77 elementor-widget elementor-widget-heading\" data-id=\"6a22c77\" data-element_type=\"widget\" data-e-type=\"widget\" data-widget_type=\"heading.default\">\n\t\t\t\t<div class=\"elementor-widget-container\">\n\t\t\t\t\t<h2 class=\"elementor-heading-title elementor-size-default\">Babytrage<\/h2>\t\t\t\t<\/div>\n\t\t\t\t<\/div>\n\t\t\t\t<div class=\"elementor-element elementor-element-f460f67 elementor-widget elementor-widget-text-editor\" data-id=\"f460f67\" data-element_type=\"widget\" data-e-type=\"widget\" data-widget_type=\"text-editor.default\">\n\t\t\t\t<div class=\"elementor-widget-container\">\n\t\t\t\t\t\t\t\t\t<p>Die <strong>Babytrage<\/strong> ist eine vorgeformte, ergonomische Textilausr\u00fcstung zum Tragen eines Babys. Es ist einfach, das Baby in der Trage zu platzieren und diese mit den Clips zu befestigen. Allerdings ist der Sitz f\u00fcr ein kleines Baby (ca. &lt; 3 Monate) weniger physiologisch als bei einem Tragetuch, da das Baby in der Regel zu klein f\u00fcr die Gr\u00f6sse der Trage ist. Es gibt Einlagen, die man in die Babytrage einlegen kann, um sie zu verkleinern, aber der ergonomische Sitz wird dadurch nicht wirklich verbessert (was auch immer das Marketing behaupten mag). Eines ist sicher: Nimm dir die Zeit, das richtige Modell zu w\u00e4hlen, das f\u00fcr den Vater und die Mutter unterschiedlich sein kann.<\/p>\t\t\t\t\t\t\t\t<\/div>\n\t\t\t\t<\/div>\n\t\t\t\t<div class=\"elementor-element elementor-element-89be4e4 elementor-widget elementor-widget-heading\" data-id=\"89be4e4\" data-element_type=\"widget\" data-e-type=\"widget\" data-widget_type=\"heading.default\">\n\t\t\t\t<div class=\"elementor-widget-container\">\n\t\t\t\t\t<h2 class=\"elementor-heading-title elementor-size-default\">Kraxe<\/h2>\t\t\t\t<\/div>\n\t\t\t\t<\/div>\n\t\t\t\t<div class=\"elementor-element elementor-element-c17c091 elementor-widget elementor-widget-text-editor\" data-id=\"c17c091\" data-element_type=\"widget\" data-e-type=\"widget\" data-widget_type=\"text-editor.default\">\n\t\t\t\t<div class=\"elementor-widget-container\">\n\t\t\t\t\t\t\t\t\t<p>Die <strong>Kraxe<\/strong> ist eine Art \u00ab Wanderrucksack \u00bb, bei dem das Hauptfach tats\u00e4chlich ein Sitz f\u00fcr das Kind ist. Die Kraxe verf\u00fcgt in der Regel \u00fcber ein Fach zum Verstauen von Sachen sowie \u00fcber zahlreiche Taschen. Diese Ausr\u00fcstung ist sehr praktisch f\u00fcr Tagesausfl\u00fcge, bei denen du den Windel- und Nahrungsvorrat usw. mitnimmst. Allerdings ist er auch die schwerste Ausr\u00fcstung (durchschnittlich 3 kg) und das Gewicht des Kindes ist dabei am st\u00e4rksten sp\u00fcrbar, da das Kind nicht eng am R\u00fccken anliegt, sondern sich mehrere (Dutzend) Zentimeter vom Tr\u00e4ger entfernt befindet.<br>Die Kraxe wird erst empfohlen, wenn das Kind alleine sitzen kann, also in der Regel ab 6 Monaten.<br>Eines ist sicher: Nimm dir die Zeit, das richtige Modell zu w\u00e4hlen \u2013 das kann f\u00fcr den Vater und die Mutter unterschiedlich sein \u2013 und probiere es mehrmals im Gesch\u00e4ft aus. Einige Modelle sind auf Frauen zugeschnitten, wie auch Wanderrucks\u00e4cke. Zum Beispiel mochte ich bei unseren Tests das Modell nicht, das meine Frau gew\u00e4hlt hat, und umgekehrt. Wir haben deshalb zwei Kraxen&#8230;<\/p>\t\t\t\t\t\t\t\t<\/div>\n\t\t\t\t<\/div>\n\t\t\t\t<div class=\"elementor-element elementor-element-c17ecd0 elementor-widget elementor-widget-heading\" data-id=\"c17ecd0\" data-element_type=\"widget\" data-e-type=\"widget\" data-widget_type=\"heading.default\">\n\t\t\t\t<div class=\"elementor-widget-container\">\n\t\t\t\t\t<h2 class=\"elementor-heading-title elementor-size-default\">Ringsling<\/h2>\t\t\t\t<\/div>\n\t\t\t\t<\/div>\n\t\t\t\t<div class=\"elementor-element elementor-element-9181855 elementor-widget elementor-widget-text-editor\" data-id=\"9181855\" data-element_type=\"widget\" data-e-type=\"widget\" data-widget_type=\"text-editor.default\">\n\t\t\t\t<div class=\"elementor-widget-container\">\n\t\t\t\t\t\t\t\t\t<p>Der <strong>Ringsling<\/strong> besteht ebenfalls aus Stoff, passt sich der K\u00f6rperform des Babys an und wird im Gegensatz zum Tragetuch asymmetrisch auf einer Schulter getragen. Es ist m\u00f6glich, dein Kind in Bauch- und R\u00fcckentrageposition zu tragen und es sogar zu stillen, indem du den Halt des Slings vor\u00fcbergehend anpasst. Der Sling hat dieselben Vorteile wie das Tragetuch in Bezug auf Gewicht, Vielseitigkeit und das \u00ab Wohlbefinden \u00bb des Babys. Auch beim Ringsling empfehle ich dir dringend, das Tragen bei einer Trageberaterin zu erlernen.<br><strong>Ich halte den Ringsling jedoch f\u00fcr ungeeignet zum Wandern.<\/strong><\/p>\t\t\t\t\t\t\t\t<\/div>\n\t\t\t\t<\/div>\n\t\t\t\t\t<\/div>\n\t\t<\/div>\n\t\t\t\t\t<\/div>\n\t\t<\/section>\n\t\t\t\t<\/div>\n\t\t","protected":false},"excerpt":{"rendered":"<p>Tragemethoden von Kindern Wie tr\u00e4gst du dein Kind beim Wandern f\u00fcr deine n\u00e4chste Tragewanderung? Es gibt verschiedene Tragemethoden von Kindern. Jede Methode h\u00e4ngt vom Alter des Kindes, deinen pers\u00f6nlichen Vorlieben und der gew\u00e4hlten Aktivit\u00e4t ab. Hier stelle ich dir die wichtigsten Tragemethoden von Kindern vor. Tragetuch Das Tragetuch ist ein langes St\u00fcck Stoff, mit dem [&hellip;]<\/p>\n","protected":false},"author":1,"featured_media":10011,"parent":0,"menu_order":0,"comment_status":"closed","ping_status":"closed","template":"page-full-width.php","meta":{"footnotes":""},"class_list":["post-11012","page","type-page","status-publish","has-post-thumbnail","hentry"],"yoast_head":"<!-- This site is optimized with the Yoast SEO plugin v27.3 - https:\/\/yoast.com\/product\/yoast-seo-wordpress\/ -->\n<title>Along the Ridge - Yorick Brunet - Tragemethoden von Kindern<\/title>\n<meta name=\"description\" content=\"Along the Ridge - Yorick Brunet - ist Wanderleiter in der Schweiz und stellt die Tragemethoden von Kindern beim Wandern vor.\" \/>\n<meta name=\"robots\" content=\"index, follow, max-snippet:-1, max-image-preview:large, max-video-preview:-1\" \/>\n<link rel=\"canonical\" href=\"https:\/\/along-the-ridge.ch\/de\/tragemethoden-kinder\/\" \/>\n<meta property=\"og:locale\" content=\"de_DE\" \/>\n<meta property=\"og:type\" content=\"article\" \/>\n<meta property=\"og:title\" content=\"Along the Ridge - Yorick Brunet - Tragemethoden von Kindern\" \/>\n<meta property=\"og:description\" content=\"Along the Ridge - Yorick Brunet - ist Wanderleiter in der Schweiz und stellt die Tragemethoden von Kindern beim Wandern vor.\" \/>\n<meta property=\"og:url\" content=\"https:\/\/along-the-ridge.ch\/de\/tragemethoden-kinder\/\" \/>\n<meta property=\"og:site_name\" content=\"Along the Ridge\" \/>\n<meta property=\"article:publisher\" content=\"https:\/\/www.facebook.com\/yorick.brunet\" \/>\n<meta property=\"article:modified_time\" content=\"2026-02-18T09:16:31+00:00\" \/>\n<meta property=\"og:image\" content=\"https:\/\/along-the-ridge.ch\/wp-content\/uploads\/2024\/04\/logo_black_text_400x.png\" \/>\n\t<meta property=\"og:image:width\" content=\"400\" \/>\n\t<meta property=\"og:image:height\" content=\"277\" \/>\n\t<meta property=\"og:image:type\" content=\"image\/png\" \/>\n<meta name=\"twitter:card\" content=\"summary_large_image\" \/>\n<meta name=\"twitter:label1\" content=\"Gesch\u00e4tzte Lesezeit\" \/>\n\t<meta name=\"twitter:data1\" content=\"4\u00a0Minute\" \/>\n<script type=\"application\/ld+json\" class=\"yoast-schema-graph\">{\"@context\":\"https:\\\/\\\/schema.org\",\"@graph\":[{\"@type\":\"WebPage\",\"@id\":\"https:\\\/\\\/along-the-ridge.ch\\\/de\\\/tragemethoden-kinder\\\/\",\"url\":\"https:\\\/\\\/along-the-ridge.ch\\\/de\\\/tragemethoden-kinder\\\/\",\"name\":\"Along the Ridge - Yorick Brunet - Tragemethoden von Kindern\",\"isPartOf\":{\"@id\":\"https:\\\/\\\/along-the-ridge.ch\\\/de\\\/#website\"},\"primaryImageOfPage\":{\"@id\":\"https:\\\/\\\/along-the-ridge.ch\\\/de\\\/tragemethoden-kinder\\\/#primaryimage\"},\"image\":{\"@id\":\"https:\\\/\\\/along-the-ridge.ch\\\/de\\\/tragemethoden-kinder\\\/#primaryimage\"},\"thumbnailUrl\":\"https:\\\/\\\/along-the-ridge.ch\\\/wp-content\\\/uploads\\\/2024\\\/04\\\/logo_black_text_400x.png\",\"datePublished\":\"2026-02-18T06:14:51+00:00\",\"dateModified\":\"2026-02-18T09:16:31+00:00\",\"description\":\"Along the Ridge - Yorick Brunet - ist Wanderleiter in der Schweiz und stellt die Tragemethoden von Kindern beim Wandern vor.\",\"breadcrumb\":{\"@id\":\"https:\\\/\\\/along-the-ridge.ch\\\/de\\\/tragemethoden-kinder\\\/#breadcrumb\"},\"inLanguage\":\"de\",\"potentialAction\":[{\"@type\":\"ReadAction\",\"target\":[\"https:\\\/\\\/along-the-ridge.ch\\\/de\\\/tragemethoden-kinder\\\/\"]}]},{\"@type\":\"ImageObject\",\"inLanguage\":\"de\",\"@id\":\"https:\\\/\\\/along-the-ridge.ch\\\/de\\\/tragemethoden-kinder\\\/#primaryimage\",\"url\":\"https:\\\/\\\/along-the-ridge.ch\\\/wp-content\\\/uploads\\\/2024\\\/04\\\/logo_black_text_400x.png\",\"contentUrl\":\"https:\\\/\\\/along-the-ridge.ch\\\/wp-content\\\/uploads\\\/2024\\\/04\\\/logo_black_text_400x.png\",\"width\":400,\"height\":277,\"caption\":\"Yorick Brunet - Along the Ridge - Wanderleiter\"},{\"@type\":\"BreadcrumbList\",\"@id\":\"https:\\\/\\\/along-the-ridge.ch\\\/de\\\/tragemethoden-kinder\\\/#breadcrumb\",\"itemListElement\":[{\"@type\":\"ListItem\",\"position\":1,\"name\":\"Home\",\"item\":\"https:\\\/\\\/along-the-ridge.ch\\\/de\\\/yorick-brunet-along-the-ridge-wanderleiter\\\/\"},{\"@type\":\"ListItem\",\"position\":2,\"name\":\"Tragemethoden von Kindern\"}]},{\"@type\":\"WebSite\",\"@id\":\"https:\\\/\\\/along-the-ridge.ch\\\/de\\\/#website\",\"url\":\"https:\\\/\\\/along-the-ridge.ch\\\/de\\\/\",\"name\":\"Along the Ridge\",\"description\":\"\",\"publisher\":{\"@id\":\"https:\\\/\\\/along-the-ridge.ch\\\/de\\\/#organization\"},\"potentialAction\":[{\"@type\":\"SearchAction\",\"target\":{\"@type\":\"EntryPoint\",\"urlTemplate\":\"https:\\\/\\\/along-the-ridge.ch\\\/de\\\/?s={search_term_string}\"},\"query-input\":{\"@type\":\"PropertyValueSpecification\",\"valueRequired\":true,\"valueName\":\"search_term_string\"}}],\"inLanguage\":\"de\"},{\"@type\":\"Organization\",\"@id\":\"https:\\\/\\\/along-the-ridge.ch\\\/de\\\/#organization\",\"name\":\"Along the Ridge\",\"url\":\"https:\\\/\\\/along-the-ridge.ch\\\/de\\\/\",\"logo\":{\"@type\":\"ImageObject\",\"inLanguage\":\"de\",\"@id\":\"https:\\\/\\\/along-the-ridge.ch\\\/de\\\/#\\\/schema\\\/logo\\\/image\\\/\",\"url\":\"https:\\\/\\\/along-the-ridge.ch\\\/wp-content\\\/uploads\\\/2024\\\/04\\\/logo_black_text_400x.png\",\"contentUrl\":\"https:\\\/\\\/along-the-ridge.ch\\\/wp-content\\\/uploads\\\/2024\\\/04\\\/logo_black_text_400x.png\",\"width\":400,\"height\":277,\"caption\":\"Along the Ridge\"},\"image\":{\"@id\":\"https:\\\/\\\/along-the-ridge.ch\\\/de\\\/#\\\/schema\\\/logo\\\/image\\\/\"},\"sameAs\":[\"https:\\\/\\\/www.facebook.com\\\/yorick.brunet\",\"https:\\\/\\\/www.instagram.com\\\/along.the.ridge.ch\\\/\"]}]}<\/script>\n<!-- \/ Yoast SEO plugin. -->","yoast_head_json":{"title":"Along the Ridge - Yorick Brunet - Tragemethoden von Kindern","description":"Along the Ridge - Yorick Brunet - ist Wanderleiter in der Schweiz und stellt die Tragemethoden von Kindern beim Wandern vor.","robots":{"index":"index","follow":"follow","max-snippet":"max-snippet:-1","max-image-preview":"max-image-preview:large","max-video-preview":"max-video-preview:-1"},"canonical":"https:\/\/along-the-ridge.ch\/de\/tragemethoden-kinder\/","og_locale":"de_DE","og_type":"article","og_title":"Along the Ridge - Yorick Brunet - Tragemethoden von Kindern","og_description":"Along the Ridge - Yorick Brunet - ist Wanderleiter in der Schweiz und stellt die Tragemethoden von Kindern beim Wandern vor.","og_url":"https:\/\/along-the-ridge.ch\/de\/tragemethoden-kinder\/","og_site_name":"Along the Ridge","article_publisher":"https:\/\/www.facebook.com\/yorick.brunet","article_modified_time":"2026-02-18T09:16:31+00:00","og_image":[{"width":400,"height":277,"url":"https:\/\/along-the-ridge.ch\/wp-content\/uploads\/2024\/04\/logo_black_text_400x.png","type":"image\/png"}],"twitter_card":"summary_large_image","twitter_misc":{"Gesch\u00e4tzte Lesezeit":"4\u00a0Minute"},"schema":{"@context":"https:\/\/schema.org","@graph":[{"@type":"WebPage","@id":"https:\/\/along-the-ridge.ch\/de\/tragemethoden-kinder\/","url":"https:\/\/along-the-ridge.ch\/de\/tragemethoden-kinder\/","name":"Along the Ridge - Yorick Brunet - Tragemethoden von Kindern","isPartOf":{"@id":"https:\/\/along-the-ridge.ch\/de\/#website"},"primaryImageOfPage":{"@id":"https:\/\/along-the-ridge.ch\/de\/tragemethoden-kinder\/#primaryimage"},"image":{"@id":"https:\/\/along-the-ridge.ch\/de\/tragemethoden-kinder\/#primaryimage"},"thumbnailUrl":"https:\/\/along-the-ridge.ch\/wp-content\/uploads\/2024\/04\/logo_black_text_400x.png","datePublished":"2026-02-18T06:14:51+00:00","dateModified":"2026-02-18T09:16:31+00:00","description":"Along the Ridge - Yorick Brunet - ist Wanderleiter in der Schweiz und stellt die Tragemethoden von Kindern beim Wandern vor.","breadcrumb":{"@id":"https:\/\/along-the-ridge.ch\/de\/tragemethoden-kinder\/#breadcrumb"},"inLanguage":"de","potentialAction":[{"@type":"ReadAction","target":["https:\/\/along-the-ridge.ch\/de\/tragemethoden-kinder\/"]}]},{"@type":"ImageObject","inLanguage":"de","@id":"https:\/\/along-the-ridge.ch\/de\/tragemethoden-kinder\/#primaryimage","url":"https:\/\/along-the-ridge.ch\/wp-content\/uploads\/2024\/04\/logo_black_text_400x.png","contentUrl":"https:\/\/along-the-ridge.ch\/wp-content\/uploads\/2024\/04\/logo_black_text_400x.png","width":400,"height":277,"caption":"Yorick Brunet - Along the Ridge - Wanderleiter"},{"@type":"BreadcrumbList","@id":"https:\/\/along-the-ridge.ch\/de\/tragemethoden-kinder\/#breadcrumb","itemListElement":[{"@type":"ListItem","position":1,"name":"Home","item":"https:\/\/along-the-ridge.ch\/de\/yorick-brunet-along-the-ridge-wanderleiter\/"},{"@type":"ListItem","position":2,"name":"Tragemethoden von Kindern"}]},{"@type":"WebSite","@id":"https:\/\/along-the-ridge.ch\/de\/#website","url":"https:\/\/along-the-ridge.ch\/de\/","name":"Along the Ridge","description":"","publisher":{"@id":"https:\/\/along-the-ridge.ch\/de\/#organization"},"potentialAction":[{"@type":"SearchAction","target":{"@type":"EntryPoint","urlTemplate":"https:\/\/along-the-ridge.ch\/de\/?s={search_term_string}"},"query-input":{"@type":"PropertyValueSpecification","valueRequired":true,"valueName":"search_term_string"}}],"inLanguage":"de"},{"@type":"Organization","@id":"https:\/\/along-the-ridge.ch\/de\/#organization","name":"Along the Ridge","url":"https:\/\/along-the-ridge.ch\/de\/","logo":{"@type":"ImageObject","inLanguage":"de","@id":"https:\/\/along-the-ridge.ch\/de\/#\/schema\/logo\/image\/","url":"https:\/\/along-the-ridge.ch\/wp-content\/uploads\/2024\/04\/logo_black_text_400x.png","contentUrl":"https:\/\/along-the-ridge.ch\/wp-content\/uploads\/2024\/04\/logo_black_text_400x.png","width":400,"height":277,"caption":"Along the Ridge"},"image":{"@id":"https:\/\/along-the-ridge.ch\/de\/#\/schema\/logo\/image\/"},"sameAs":["https:\/\/www.facebook.com\/yorick.brunet","https:\/\/www.instagram.com\/along.the.ridge.ch\/"]}]}},"_links":{"self":[{"href":"https:\/\/along-the-ridge.ch\/de\/wp-json\/wp\/v2\/pages\/11012","targetHints":{"allow":["GET"]}}],"collection":[{"href":"https:\/\/along-the-ridge.ch\/de\/wp-json\/wp\/v2\/pages"}],"about":[{"href":"https:\/\/along-the-ridge.ch\/de\/wp-json\/wp\/v2\/types\/page"}],"author":[{"embeddable":true,"href":"https:\/\/along-the-ridge.ch\/de\/wp-json\/wp\/v2\/users\/1"}],"replies":[{"embeddable":true,"href":"https:\/\/along-the-ridge.ch\/de\/wp-json\/wp\/v2\/comments?post=11012"}],"version-history":[{"count":4,"href":"https:\/\/along-the-ridge.ch\/de\/wp-json\/wp\/v2\/pages\/11012\/revisions"}],"predecessor-version":[{"id":11042,"href":"https:\/\/along-the-ridge.ch\/de\/wp-json\/wp\/v2\/pages\/11012\/revisions\/11042"}],"wp:featuredmedia":[{"embeddable":true,"href":"https:\/\/along-the-ridge.ch\/de\/wp-json\/wp\/v2\/media\/10011"}],"wp:attachment":[{"href":"https:\/\/along-the-ridge.ch\/de\/wp-json\/wp\/v2\/media?parent=11012"}],"curies":[{"name":"wp","href":"https:\/\/api.w.org\/{rel}","templated":true}]}}