{"id":10391,"date":"2025-07-02T08:13:36","date_gmt":"2025-07-02T06:13:36","guid":{"rendered":"https:\/\/along-the-ridge.ch\/yorick-brunet-along-the-ridge-schwierigkeitsskala\/"},"modified":"2025-10-29T10:47:00","modified_gmt":"2025-10-29T09:47:00","slug":"yorick-brunet-along-the-ridge-schwierigkeitsskala","status":"publish","type":"page","link":"https:\/\/along-the-ridge.ch\/de\/yorick-brunet-along-the-ridge-schwierigkeitsskala\/","title":{"rendered":"Schwierigkeitsskala"},"content":{"rendered":"\t\t<div data-elementor-type=\"wp-page\" data-elementor-id=\"10391\" class=\"elementor elementor-10391 elementor-10358\">\n\t\t\t\t\t\t<section class=\"elementor-section elementor-top-section elementor-element elementor-element-4aaea5a0 elementor-section-boxed elementor-section-height-default elementor-section-height-default\" data-id=\"4aaea5a0\" data-element_type=\"section\" data-e-type=\"section\">\n\t\t\t\t\t\t<div class=\"elementor-container elementor-column-gap-default\">\n\t\t\t\t\t<div class=\"elementor-column elementor-col-100 elementor-top-column elementor-element elementor-element-2048c8c\" data-id=\"2048c8c\" data-element_type=\"column\" data-e-type=\"column\">\n\t\t\t<div class=\"elementor-widget-wrap elementor-element-populated\">\n\t\t\t\t\t\t<div class=\"elementor-element elementor-element-5c575815 elementor-widget elementor-widget-heading\" data-id=\"5c575815\" data-element_type=\"widget\" data-e-type=\"widget\" data-widget_type=\"heading.default\">\n\t\t\t\t<div class=\"elementor-widget-container\">\n\t\t\t\t\t<h1 class=\"elementor-heading-title elementor-size-default\">Schwierigkeitsskala<\/h1>\t\t\t\t<\/div>\n\t\t\t\t<\/div>\n\t\t\t\t<div class=\"elementor-element elementor-element-22697f3d elementor-widget elementor-widget-text-editor\" data-id=\"22697f3d\" data-element_type=\"widget\" data-e-type=\"widget\" data-widget_type=\"text-editor.default\">\n\t\t\t\t<div class=\"elementor-widget-container\">\n\t\t\t\t\t\t\t\t\t<p data-start=\"81\" data-end=\"270\">Um den Schwierigkeitsgrad der angebotenen Wanderungen besser einsch\u00e4tzen zu k\u00f6nnen, ist jede Tour im Programm mit einer Schwierigkeitsangabe versehen, die auf <a href=\"https:\/\/www.sac-cas.ch\/fr\/formation-et-securite\/planification-de-la-course\/echelles-de-difficulte\/\" target=\"_blank\" rel=\"noopener\">den Skalen des Schweizer Alpen Clubs (SAC)<\/a> basiert.<\/p><p data-start=\"81\" data-end=\"270\">Zwei Aspekte werden dabei ber\u00fccksichtigt:<\/p><ul><li data-start=\"311\" data-end=\"364\">die <strong data-start=\"314\" data-end=\"337\">physische Schwierigkeit<\/strong>, die mit der erforderlichen Anstrengung zusammenh\u00e4ngt;<\/li><li data-start=\"367\" data-end=\"434\">die <strong data-start=\"370\" data-end=\"394\">technische Schwierigkeit<\/strong>, je nach Gel\u00e4nde (Sommer oder Winter).<\/li><\/ul><p>Einige Wanderungen k\u00f6nnen k\u00f6rperlich sehr zug\u00e4nglich sein, aber technisch schwierige Passagen enthalten &#8211; oder umgekehrt.<\/p><p>Diese doppelte Bewertung erm\u00f6glicht es jedem, eine Wanderung auszuw\u00e4hlen, die seinen F\u00e4higkeiten und seiner Erfahrung entspricht.<\/p>\t\t\t\t\t\t\t\t<\/div>\n\t\t\t\t<\/div>\n\t\t\t\t<div class=\"elementor-element elementor-element-b01c741 elementor-widget elementor-widget-html\" data-id=\"b01c741\" data-element_type=\"widget\" data-e-type=\"widget\" data-widget_type=\"html.default\">\n\t\t\t\t<div class=\"elementor-widget-container\">\n\t\t\t\t\t<table>\n    <caption><b>Schwierigkeitsskala Sommer<\/b><\/caption>\n    <tr>\n        <th>Schwierigkeitsgrad<\/th>\n        <th>Physische Schwierigkeit<\/th>\n        <th>Technische Schwierigkeit<\/th>\n    <\/tr>\n    <tr>\n        <td><img decoding=\"async\" src=\"https:\/\/along-the-ridge.ch\/wp-content\/uploads\/2025\/06\/degres_difficultes_technique_15.png\" alt=\"Schwierigkeitsgrad 1\/5 - Yorick Brunet - Along the Ridge - Wanderleiter\" width=\"140\" height=\"15\"><\/td>\n        <td>weniger als 4 Std Wanderzeit <strong>und<\/strong> weniger als 400 m D+<\/td>\n        <td>Einfache Wanderung (T1)<\/td>\n    <\/tr>\n    <tr>\n        <td><img decoding=\"async\" src=\"https:\/\/along-the-ridge.ch\/wp-content\/uploads\/2025\/06\/degres_difficultes_technique_25.png\" alt=\"Schwierigkeitsgrad 2\/5 - Yorick Brunet - Along the Ridge - Wanderleiter\" width=\"140\" height=\"15\"><\/td>\n        <td>weniger als 5 Std Wanderzeit <strong>und<\/strong> weniger als 600 m D+<\/td>\n        <td>Einfache, aber technisch anspruchsvollere Wanderung (T1+)<\/td>\n    <\/tr>\n    <tr>\n        <td><img decoding=\"async\" src=\"https:\/\/along-the-ridge.ch\/wp-content\/uploads\/2025\/06\/degres_difficultes_technique_35.png\" alt=\"Schwierigkeitsgrad 3\/5 - Yorick Brunet - Along the Ridge - Wanderleiter\" width=\"140\" height=\"15\"><\/td>\n        <td>weniger als 6 Std Wanderzeit <strong>und<\/strong> weniger als 800 m D+<\/td>\n        <td>Bergwanderung (T2)<\/td>\n    <\/tr>\n    <tr>\n        <td><img loading=\"lazy\" decoding=\"async\" src=\"https:\/\/along-the-ridge.ch\/wp-content\/uploads\/2025\/06\/degres_difficultes_technique_45.png\" alt=\"Schwierigkeitsgrad 4\/5 - Yorick Brunet - Along the Ridge - Wanderleiter\" width=\"140\" height=\"15\"><\/td>\n        <td>weniger als 8 Std Wanderzeit <strong>und<\/strong> weniger als 1200 m D+<\/td>\n        <td>Anspruchsvolle Bergwanderung (T3-, T3)<\/td>\n    <tr>\n        <td><img loading=\"lazy\" decoding=\"async\" src=\"https:\/\/along-the-ridge.ch\/wp-content\/uploads\/2025\/06\/degres_difficultes_technique_55.png\" alt=\"Schwierigkeitsgrad 5\/5 - Yorick Brunet - Along the Ridge - Wanderleiter\" width=\"140\" height=\"15\"><\/td>\n        <td>mehr als 8 Std Wanderzeit <strong>oder<\/strong> mehr als 1200 m D+<\/td>\n        <td>Anspruchsvolle und engagierte Bergwanderung (T3+)<\/td>\n    <\/tr>\n<\/table>\t\t\t\t<\/div>\n\t\t\t\t<\/div>\n\t\t\t\t<div class=\"elementor-element elementor-element-2d97967a elementor-widget elementor-widget-html\" data-id=\"2d97967a\" data-element_type=\"widget\" data-e-type=\"widget\" data-widget_type=\"html.default\">\n\t\t\t\t<div class=\"elementor-widget-container\">\n\t\t\t\t\t<table>\n    <caption><b>Schwierigkeitsskala Winter<\/b><\/caption>\n    <tr>\n        <th>Schwierigkeitsgrad<\/th>\n        <th>Physische Schwierigkeit<\/th>\n        <th>Technische Schwierigkeit<\/th>\n    <\/tr>\n    <tr>\n        <td><img decoding=\"async\" src=\"https:\/\/along-the-ridge.ch\/wp-content\/uploads\/2025\/06\/degres_difficultes_technique_15.png\" alt=\"Schwierigkeitsgrad 1\/5 - Yorick Brunet - Along the Ridge - Wanderleiter\" width=\"140\" height=\"15\"><\/td>\n        <td>weniger als 3 Std Wanderzeit <strong>und<\/strong> weniger als 300 m D+<\/td>\n        <td>Leichte Schneeschuhwanderung (WT1)<\/td>\n    <\/tr>\n    <tr>\n        <td><img decoding=\"async\" src=\"https:\/\/along-the-ridge.ch\/wp-content\/uploads\/2025\/06\/degres_difficultes_technique_25.png\" alt=\"Schwierigkeitsgrad 2\/5 - Yorick Brunet - Along the Ridge - Wanderleiter\" width=\"140\" height=\"15\"><\/td>\n        <td>weniger als 4 Std Wanderzeit <strong>und<\/strong> weniger als 500 m D+<\/td>\n        <td>Schneeschuhwanderung (WT2)<\/td>\n    <\/tr>\n    <tr>\n        <td><img decoding=\"async\" src=\"https:\/\/along-the-ridge.ch\/wp-content\/uploads\/2025\/06\/degres_difficultes_technique_35.png\" alt=\"Schwierigkeitsgrad 3\/5 - Yorick Brunet - Along the Ridge - Wanderleiter\" width=\"140\" height=\"15\"><\/td>\n        <td>weniger als 5 Std Wanderzeit <strong>und<\/strong> weniger als 700 m D+<\/td>\n        <td>Schneeschuhwanderung (WT2) technischer<\/td>\n    <\/tr>\n    <tr>\n        <td><img loading=\"lazy\" decoding=\"async\" src=\"https:\/\/along-the-ridge.ch\/wp-content\/uploads\/2025\/06\/degres_difficultes_technique_45.png\" alt=\"Schwierigkeitsgrad 4\/5 - Yorick Brunet - Along the Ridge - Wanderleiter\" width=\"140\" height=\"15\"><\/td>\n        <td>weniger als 7 Std Wanderzeit <strong>und<\/strong> weniger als 900 m D+<\/td>\n        <td>Anspruchsvolle Schneeschuhwanderung (WT3)<\/td>\n    <\/tr>\n    <tr>\n        <td><img loading=\"lazy\" decoding=\"async\" src=\"https:\/\/along-the-ridge.ch\/wp-content\/uploads\/2025\/06\/degres_difficultes_technique_55.png\" alt=\"Schwierigkeitsgrad 5\/5 - Yorick Brunet - Along the Ridge - Wanderleiter\" width=\"140\" height=\"15\"><\/td>\n        <td>mehr als 7 Std Wanderzeit <strong>oder<\/strong> mehr als 900 m D+<\/td>\n        <td>---<\/td>\n    <\/tr>\n<\/table>\t\t\t\t<\/div>\n\t\t\t\t<\/div>\n\t\t\t\t<div class=\"elementor-element elementor-element-5b3e1f23 elementor-widget elementor-widget-text-editor\" data-id=\"5b3e1f23\" data-element_type=\"widget\" data-e-type=\"widget\" data-widget_type=\"text-editor.default\">\n\t\t\t\t<div class=\"elementor-widget-container\">\n\t\t\t\t\t\t\t\t\t<p>Fragst du dich, ob eine Wanderung f\u00fcr dein Niveau geeignet ist? <a href=\"https:\/\/along-the-ridge.ch\/de\/yorick-brunet-along-the-ridge-kontakt\/\">Kontaktier mich<\/a>, ich bespreche das gerne mit dir.<\/p>\t\t\t\t\t\t\t\t<\/div>\n\t\t\t\t<\/div>\n\t\t\t\t\t<\/div>\n\t\t<\/div>\n\t\t\t\t\t<\/div>\n\t\t<\/section>\n\t\t\t\t<\/div>\n\t\t","protected":false},"excerpt":{"rendered":"<p>Schwierigkeitsskala Um den Schwierigkeitsgrad der angebotenen Wanderungen besser einsch\u00e4tzen zu k\u00f6nnen, ist jede Tour im Programm mit einer Schwierigkeitsangabe versehen, die auf den Skalen des Schweizer Alpen Clubs (SAC) basiert. Zwei Aspekte werden dabei ber\u00fccksichtigt: die physische Schwierigkeit, die mit der erforderlichen Anstrengung zusammenh\u00e4ngt; die technische Schwierigkeit, je nach Gel\u00e4nde (Sommer oder Winter). Einige Wanderungen [&hellip;]<\/p>\n","protected":false},"author":1,"featured_media":10016,"parent":0,"menu_order":0,"comment_status":"closed","ping_status":"closed","template":"page-full-width.php","meta":{"footnotes":""},"class_list":["post-10391","page","type-page","status-publish","has-post-thumbnail","hentry"],"yoast_head":"<!-- This site is optimized with the Yoast SEO plugin v27.4 - https:\/\/yoast.com\/product\/yoast-seo-wordpress\/ -->\n<title>Along the Ridge - Yorick Brunet - Schwierigkeitsskala f\u00fcr Wanderungen<\/title>\n<meta name=\"description\" content=\"Along the Ridge - Yorick Brunet - ist Wanderleiter in der Schweiz und gibt eine Schwierigkeitsskala f\u00fcr seine Wanderungen an\" \/>\n<meta name=\"robots\" content=\"index, follow, max-snippet:-1, max-image-preview:large, max-video-preview:-1\" \/>\n<link rel=\"canonical\" href=\"https:\/\/along-the-ridge.ch\/de\/yorick-brunet-along-the-ridge-schwierigkeitsskala\/\" \/>\n<meta property=\"og:locale\" content=\"de_DE\" \/>\n<meta property=\"og:type\" content=\"article\" \/>\n<meta property=\"og:title\" content=\"Along the Ridge - Yorick Brunet - Schwierigkeitsskala f\u00fcr Wanderungen\" \/>\n<meta property=\"og:description\" content=\"Along the Ridge - Yorick Brunet - ist Wanderleiter in der Schweiz und gibt eine Schwierigkeitsskala f\u00fcr seine Wanderungen an\" \/>\n<meta property=\"og:url\" content=\"https:\/\/along-the-ridge.ch\/de\/yorick-brunet-along-the-ridge-schwierigkeitsskala\/\" \/>\n<meta property=\"og:site_name\" content=\"Along the Ridge\" \/>\n<meta property=\"article:publisher\" content=\"https:\/\/www.facebook.com\/yorick.brunet\" \/>\n<meta property=\"article:modified_time\" content=\"2025-10-29T09:47:00+00:00\" \/>\n<meta property=\"og:image\" content=\"https:\/\/along-the-ridge.ch\/wp-content\/uploads\/2024\/04\/cropped-logo_black_text_400x.png\" \/>\n\t<meta property=\"og:image:width\" content=\"512\" \/>\n\t<meta property=\"og:image:height\" content=\"512\" \/>\n\t<meta property=\"og:image:type\" content=\"image\/png\" \/>\n<meta name=\"twitter:card\" content=\"summary_large_image\" \/>\n<meta name=\"twitter:label1\" content=\"Gesch\u00e4tzte Lesezeit\" \/>\n\t<meta name=\"twitter:data1\" content=\"1\u00a0Minute\" \/>\n<script type=\"application\/ld+json\" class=\"yoast-schema-graph\">{\"@context\":\"https:\\\/\\\/schema.org\",\"@graph\":[{\"@type\":\"WebPage\",\"@id\":\"https:\\\/\\\/along-the-ridge.ch\\\/de\\\/yorick-brunet-along-the-ridge-schwierigkeitsskala\\\/\",\"url\":\"https:\\\/\\\/along-the-ridge.ch\\\/de\\\/yorick-brunet-along-the-ridge-schwierigkeitsskala\\\/\",\"name\":\"Along the Ridge - Yorick Brunet - Schwierigkeitsskala f\u00fcr Wanderungen\",\"isPartOf\":{\"@id\":\"https:\\\/\\\/along-the-ridge.ch\\\/de\\\/#website\"},\"primaryImageOfPage\":{\"@id\":\"https:\\\/\\\/along-the-ridge.ch\\\/de\\\/yorick-brunet-along-the-ridge-schwierigkeitsskala\\\/#primaryimage\"},\"image\":{\"@id\":\"https:\\\/\\\/along-the-ridge.ch\\\/de\\\/yorick-brunet-along-the-ridge-schwierigkeitsskala\\\/#primaryimage\"},\"thumbnailUrl\":\"https:\\\/\\\/along-the-ridge.ch\\\/wp-content\\\/uploads\\\/2024\\\/04\\\/cropped-logo_black_text_400x.png\",\"datePublished\":\"2025-07-02T06:13:36+00:00\",\"dateModified\":\"2025-10-29T09:47:00+00:00\",\"description\":\"Along the Ridge - Yorick Brunet - ist Wanderleiter in der Schweiz und gibt eine Schwierigkeitsskala f\u00fcr seine Wanderungen an\",\"breadcrumb\":{\"@id\":\"https:\\\/\\\/along-the-ridge.ch\\\/de\\\/yorick-brunet-along-the-ridge-schwierigkeitsskala\\\/#breadcrumb\"},\"inLanguage\":\"de\",\"potentialAction\":[{\"@type\":\"ReadAction\",\"target\":[\"https:\\\/\\\/along-the-ridge.ch\\\/de\\\/yorick-brunet-along-the-ridge-schwierigkeitsskala\\\/\"]}]},{\"@type\":\"ImageObject\",\"inLanguage\":\"de\",\"@id\":\"https:\\\/\\\/along-the-ridge.ch\\\/de\\\/yorick-brunet-along-the-ridge-schwierigkeitsskala\\\/#primaryimage\",\"url\":\"https:\\\/\\\/along-the-ridge.ch\\\/wp-content\\\/uploads\\\/2024\\\/04\\\/cropped-logo_black_text_400x.png\",\"contentUrl\":\"https:\\\/\\\/along-the-ridge.ch\\\/wp-content\\\/uploads\\\/2024\\\/04\\\/cropped-logo_black_text_400x.png\",\"width\":512,\"height\":512,\"caption\":\"Yorick Brunet - Along the Ridge - Wanderleiter\"},{\"@type\":\"BreadcrumbList\",\"@id\":\"https:\\\/\\\/along-the-ridge.ch\\\/de\\\/yorick-brunet-along-the-ridge-schwierigkeitsskala\\\/#breadcrumb\",\"itemListElement\":[{\"@type\":\"ListItem\",\"position\":1,\"name\":\"Home\",\"item\":\"https:\\\/\\\/along-the-ridge.ch\\\/de\\\/yorick-brunet-along-the-ridge-wanderleiter\\\/\"},{\"@type\":\"ListItem\",\"position\":2,\"name\":\"Schwierigkeitsskala\"}]},{\"@type\":\"WebSite\",\"@id\":\"https:\\\/\\\/along-the-ridge.ch\\\/de\\\/#website\",\"url\":\"https:\\\/\\\/along-the-ridge.ch\\\/de\\\/\",\"name\":\"Along the Ridge\",\"description\":\"\",\"publisher\":{\"@id\":\"https:\\\/\\\/along-the-ridge.ch\\\/de\\\/#organization\"},\"potentialAction\":[{\"@type\":\"SearchAction\",\"target\":{\"@type\":\"EntryPoint\",\"urlTemplate\":\"https:\\\/\\\/along-the-ridge.ch\\\/de\\\/?s={search_term_string}\"},\"query-input\":{\"@type\":\"PropertyValueSpecification\",\"valueRequired\":true,\"valueName\":\"search_term_string\"}}],\"inLanguage\":\"de\"},{\"@type\":\"Organization\",\"@id\":\"https:\\\/\\\/along-the-ridge.ch\\\/de\\\/#organization\",\"name\":\"Along the Ridge\",\"url\":\"https:\\\/\\\/along-the-ridge.ch\\\/de\\\/\",\"logo\":{\"@type\":\"ImageObject\",\"inLanguage\":\"de\",\"@id\":\"https:\\\/\\\/along-the-ridge.ch\\\/de\\\/#\\\/schema\\\/logo\\\/image\\\/\",\"url\":\"https:\\\/\\\/along-the-ridge.ch\\\/wp-content\\\/uploads\\\/2024\\\/04\\\/logo_black_text_400x.png\",\"contentUrl\":\"https:\\\/\\\/along-the-ridge.ch\\\/wp-content\\\/uploads\\\/2024\\\/04\\\/logo_black_text_400x.png\",\"width\":400,\"height\":277,\"caption\":\"Along the Ridge\"},\"image\":{\"@id\":\"https:\\\/\\\/along-the-ridge.ch\\\/de\\\/#\\\/schema\\\/logo\\\/image\\\/\"},\"sameAs\":[\"https:\\\/\\\/www.facebook.com\\\/yorick.brunet\",\"https:\\\/\\\/www.instagram.com\\\/along.the.ridge.ch\\\/\"]}]}<\/script>\n<!-- \/ Yoast SEO plugin. -->","yoast_head_json":{"title":"Along the Ridge - Yorick Brunet - Schwierigkeitsskala f\u00fcr Wanderungen","description":"Along the Ridge - Yorick Brunet - ist Wanderleiter in der Schweiz und gibt eine Schwierigkeitsskala f\u00fcr seine Wanderungen an","robots":{"index":"index","follow":"follow","max-snippet":"max-snippet:-1","max-image-preview":"max-image-preview:large","max-video-preview":"max-video-preview:-1"},"canonical":"https:\/\/along-the-ridge.ch\/de\/yorick-brunet-along-the-ridge-schwierigkeitsskala\/","og_locale":"de_DE","og_type":"article","og_title":"Along the Ridge - Yorick Brunet - Schwierigkeitsskala f\u00fcr Wanderungen","og_description":"Along the Ridge - Yorick Brunet - ist Wanderleiter in der Schweiz und gibt eine Schwierigkeitsskala f\u00fcr seine Wanderungen an","og_url":"https:\/\/along-the-ridge.ch\/de\/yorick-brunet-along-the-ridge-schwierigkeitsskala\/","og_site_name":"Along the Ridge","article_publisher":"https:\/\/www.facebook.com\/yorick.brunet","article_modified_time":"2025-10-29T09:47:00+00:00","og_image":[{"width":512,"height":512,"url":"https:\/\/along-the-ridge.ch\/wp-content\/uploads\/2024\/04\/cropped-logo_black_text_400x.png","type":"image\/png"}],"twitter_card":"summary_large_image","twitter_misc":{"Gesch\u00e4tzte Lesezeit":"1\u00a0Minute"},"schema":{"@context":"https:\/\/schema.org","@graph":[{"@type":"WebPage","@id":"https:\/\/along-the-ridge.ch\/de\/yorick-brunet-along-the-ridge-schwierigkeitsskala\/","url":"https:\/\/along-the-ridge.ch\/de\/yorick-brunet-along-the-ridge-schwierigkeitsskala\/","name":"Along the Ridge - Yorick Brunet - Schwierigkeitsskala f\u00fcr Wanderungen","isPartOf":{"@id":"https:\/\/along-the-ridge.ch\/de\/#website"},"primaryImageOfPage":{"@id":"https:\/\/along-the-ridge.ch\/de\/yorick-brunet-along-the-ridge-schwierigkeitsskala\/#primaryimage"},"image":{"@id":"https:\/\/along-the-ridge.ch\/de\/yorick-brunet-along-the-ridge-schwierigkeitsskala\/#primaryimage"},"thumbnailUrl":"https:\/\/along-the-ridge.ch\/wp-content\/uploads\/2024\/04\/cropped-logo_black_text_400x.png","datePublished":"2025-07-02T06:13:36+00:00","dateModified":"2025-10-29T09:47:00+00:00","description":"Along the Ridge - Yorick Brunet - ist Wanderleiter in der Schweiz und gibt eine Schwierigkeitsskala f\u00fcr seine Wanderungen an","breadcrumb":{"@id":"https:\/\/along-the-ridge.ch\/de\/yorick-brunet-along-the-ridge-schwierigkeitsskala\/#breadcrumb"},"inLanguage":"de","potentialAction":[{"@type":"ReadAction","target":["https:\/\/along-the-ridge.ch\/de\/yorick-brunet-along-the-ridge-schwierigkeitsskala\/"]}]},{"@type":"ImageObject","inLanguage":"de","@id":"https:\/\/along-the-ridge.ch\/de\/yorick-brunet-along-the-ridge-schwierigkeitsskala\/#primaryimage","url":"https:\/\/along-the-ridge.ch\/wp-content\/uploads\/2024\/04\/cropped-logo_black_text_400x.png","contentUrl":"https:\/\/along-the-ridge.ch\/wp-content\/uploads\/2024\/04\/cropped-logo_black_text_400x.png","width":512,"height":512,"caption":"Yorick Brunet - Along the Ridge - Wanderleiter"},{"@type":"BreadcrumbList","@id":"https:\/\/along-the-ridge.ch\/de\/yorick-brunet-along-the-ridge-schwierigkeitsskala\/#breadcrumb","itemListElement":[{"@type":"ListItem","position":1,"name":"Home","item":"https:\/\/along-the-ridge.ch\/de\/yorick-brunet-along-the-ridge-wanderleiter\/"},{"@type":"ListItem","position":2,"name":"Schwierigkeitsskala"}]},{"@type":"WebSite","@id":"https:\/\/along-the-ridge.ch\/de\/#website","url":"https:\/\/along-the-ridge.ch\/de\/","name":"Along the Ridge","description":"","publisher":{"@id":"https:\/\/along-the-ridge.ch\/de\/#organization"},"potentialAction":[{"@type":"SearchAction","target":{"@type":"EntryPoint","urlTemplate":"https:\/\/along-the-ridge.ch\/de\/?s={search_term_string}"},"query-input":{"@type":"PropertyValueSpecification","valueRequired":true,"valueName":"search_term_string"}}],"inLanguage":"de"},{"@type":"Organization","@id":"https:\/\/along-the-ridge.ch\/de\/#organization","name":"Along the Ridge","url":"https:\/\/along-the-ridge.ch\/de\/","logo":{"@type":"ImageObject","inLanguage":"de","@id":"https:\/\/along-the-ridge.ch\/de\/#\/schema\/logo\/image\/","url":"https:\/\/along-the-ridge.ch\/wp-content\/uploads\/2024\/04\/logo_black_text_400x.png","contentUrl":"https:\/\/along-the-ridge.ch\/wp-content\/uploads\/2024\/04\/logo_black_text_400x.png","width":400,"height":277,"caption":"Along the Ridge"},"image":{"@id":"https:\/\/along-the-ridge.ch\/de\/#\/schema\/logo\/image\/"},"sameAs":["https:\/\/www.facebook.com\/yorick.brunet","https:\/\/www.instagram.com\/along.the.ridge.ch\/"]}]}},"_links":{"self":[{"href":"https:\/\/along-the-ridge.ch\/de\/wp-json\/wp\/v2\/pages\/10391","targetHints":{"allow":["GET"]}}],"collection":[{"href":"https:\/\/along-the-ridge.ch\/de\/wp-json\/wp\/v2\/pages"}],"about":[{"href":"https:\/\/along-the-ridge.ch\/de\/wp-json\/wp\/v2\/types\/page"}],"author":[{"embeddable":true,"href":"https:\/\/along-the-ridge.ch\/de\/wp-json\/wp\/v2\/users\/1"}],"replies":[{"embeddable":true,"href":"https:\/\/along-the-ridge.ch\/de\/wp-json\/wp\/v2\/comments?post=10391"}],"version-history":[{"count":5,"href":"https:\/\/along-the-ridge.ch\/de\/wp-json\/wp\/v2\/pages\/10391\/revisions"}],"predecessor-version":[{"id":10761,"href":"https:\/\/along-the-ridge.ch\/de\/wp-json\/wp\/v2\/pages\/10391\/revisions\/10761"}],"wp:featuredmedia":[{"embeddable":true,"href":"https:\/\/along-the-ridge.ch\/de\/wp-json\/wp\/v2\/media\/10016"}],"wp:attachment":[{"href":"https:\/\/along-the-ridge.ch\/de\/wp-json\/wp\/v2\/media?parent=10391"}],"curies":[{"name":"wp","href":"https:\/\/api.w.org\/{rel}","templated":true}]}}