{"id":10027,"date":"2024-05-01T15:28:54","date_gmt":"2024-05-01T13:28:54","guid":{"rendered":"https:\/\/along-the-ridge.ch\/yorick-brunet-along-the-ridge-berichte-wanderungen\/"},"modified":"2025-02-17T13:55:11","modified_gmt":"2025-02-17T12:55:11","slug":"yorick-brunet-along-the-ridge-berichte-wanderungen","status":"publish","type":"page","link":"https:\/\/along-the-ridge.ch\/de\/yorick-brunet-along-the-ridge-berichte-wanderungen\/","title":{"rendered":"Wanderberichte"},"content":{"rendered":"\t\t<div data-elementor-type=\"wp-page\" data-elementor-id=\"10027\" class=\"elementor elementor-10027 elementor-8718\">\n\t\t\t\t\t\t<section class=\"elementor-section elementor-top-section elementor-element elementor-element-4a5cc91 elementor-section-full_width elementor-section-height-default elementor-section-height-default\" data-id=\"4a5cc91\" data-element_type=\"section\" data-e-type=\"section\">\n\t\t\t\t\t\t<div class=\"elementor-container elementor-column-gap-no\">\n\t\t\t\t\t<div class=\"elementor-column elementor-col-100 elementor-top-column elementor-element elementor-element-ae28ce4\" data-id=\"ae28ce4\" data-element_type=\"column\" data-e-type=\"column\">\n\t\t\t<div class=\"elementor-widget-wrap elementor-element-populated\">\n\t\t\t\t\t\t<div class=\"elementor-element elementor-element-6087921 elementor-widget elementor-widget-heading\" data-id=\"6087921\" data-element_type=\"widget\" data-e-type=\"widget\" data-widget_type=\"heading.default\">\n\t\t\t\t<div class=\"elementor-widget-container\">\n\t\t\t\t\t<h1 class=\"elementor-heading-title elementor-size-default\">Berichte von Wanderungen<\/h1>\t\t\t\t<\/div>\n\t\t\t\t<\/div>\n\t\t\t\t<div class=\"elementor-element elementor-element-1ca0c1c elementor-widget elementor-widget-text-editor\" data-id=\"1ca0c1c\" data-element_type=\"widget\" data-e-type=\"widget\" data-widget_type=\"text-editor.default\">\n\t\t\t\t<div class=\"elementor-widget-container\">\n\t\t\t\t\t\t\t\t\t<p>Die Wanderberichte sind dazu da, m\u00f6gliche Wanderungen mit <i>Along the Ridge<\/i> vorzustellen. Diese Wanderungen sind derzeit nicht in <a href=\"https:\/\/along-the-ridge.ch\/de\/yorick-brunet-along-the-ridge-wanderprogramm\/\">meinem Programm<\/a>, waren es aber oder werden es in K\u00fcrze sein. <\/p><p>Seid ihr trotzdem an einer dieser Wanderungen interessiert? Wenn ihr Interesse habt, <a href=\"https:\/\/along-the-ridge.ch\/yorick-brunet-along-the-ridge-contact\/\">lasst es mich einfach wissen<\/a>!<\/p>\t\t\t\t\t\t\t\t<\/div>\n\t\t\t\t<\/div>\n\t\t\t\t<div class=\"elementor-element elementor-element-d465d85 elementor-widget elementor-widget-trekon_core_blog_list\" data-id=\"d465d85\" data-element_type=\"widget\" data-e-type=\"widget\" data-widget_type=\"trekon_core_blog_list.default\">\n\t\t\t\t<div class=\"elementor-widget-container\">\n\t\t\t\t\t<div class=\"qodef-shortcode qodef-m  qodef-blog qodef--list qodef-item-layout--standard qodef-grid qodef-layout--columns   qodef-vertical-gutter--extreme qodef-col-num--3 qodef-item-layout--standard qodef-pagination--on qodef-pagination-type--standard qodef-responsive--predefined qodef-swiper--show-pagination\"  data-options=\"{&quot;plugin&quot;:&quot;trekon_core&quot;,&quot;module&quot;:&quot;blog\\\/shortcodes&quot;,&quot;shortcode&quot;:&quot;blog-list&quot;,&quot;post_type&quot;:&quot;post&quot;,&quot;next_page&quot;:&quot;2&quot;,&quot;max_pages_num&quot;:1,&quot;behavior&quot;:&quot;columns&quot;,&quot;images_proportion&quot;:&quot;full&quot;,&quot;columns&quot;:&quot;3&quot;,&quot;columns_responsive&quot;:&quot;predefined&quot;,&quot;columns_1440&quot;:&quot;3&quot;,&quot;columns_1366&quot;:&quot;3&quot;,&quot;columns_1024&quot;:&quot;3&quot;,&quot;columns_768&quot;:&quot;3&quot;,&quot;columns_680&quot;:&quot;3&quot;,&quot;columns_480&quot;:&quot;3&quot;,&quot;vertical_space&quot;:&quot;extreme&quot;,&quot;split_number&quot;:&quot;2.5&quot;,&quot;posts_per_page&quot;:&quot;6&quot;,&quot;orderby&quot;:&quot;date&quot;,&quot;order&quot;:&quot;DESC&quot;,&quot;additional_params&quot;:&quot;tax&quot;,&quot;tax&quot;:&quot;category&quot;,&quot;tax_slug&quot;:&quot;recits&quot;,&quot;layout&quot;:&quot;standard&quot;,&quot;title_tag&quot;:&quot;h2&quot;,&quot;excerpt_length&quot;:&quot;400&quot;,&quot;pagination_type&quot;:&quot;standard&quot;,&quot;pagination_top_margin&quot;:&quot;margin-top: 90px&quot;,&quot;object_class_name&quot;:&quot;TrekOnCore_Blog_List_Shortcode&quot;,&quot;taxonomy_filter&quot;:&quot;category&quot;,&quot;additional_query_args&quot;:{&quot;tax_query&quot;:[{&quot;taxonomy&quot;:&quot;category&quot;,&quot;field&quot;:&quot;slug&quot;,&quot;terms&quot;:&quot;recits&quot;}]},&quot;holder_styles&quot;:[]}\">\n\t\t<div class=\"qodef-grid-inner\">\n\t\t<article class=\"qodef-e qodef-blog-item qodef-grid-item qodef-item--full post-9578 post type-post status-publish format-standard has-post-thumbnail hentry category-rando-ete category-recits tag-plusieurs-jours tag-vd tag-vs\">\n\t<div class=\"qodef-e-inner\">\n\t\t<div class=\"qodef-e-media\">\n\t\t<div class=\"qodef-e-media-image\">\n\t\t<a itemprop=\"url\" href=\"https:\/\/along-the-ridge.ch\/de\/randonnee-tour-des-muverans\/\">\n\t\t\t<img fetchpriority=\"high\" decoding=\"async\" width=\"1300\" height=\"975\" src=\"https:\/\/along-the-ridge.ch\/wp-content\/uploads\/2024\/07\/VD_Tour_des_Muverans-front-03.jpg\" class=\"attachment-full size-full wp-post-image\" alt=\"Tour des Muverans, Canton de Vaud, Suisse - Yorick Brunet - Along the Ridge - Accompagnateur en montagne\" srcset=\"https:\/\/along-the-ridge.ch\/wp-content\/uploads\/2024\/07\/VD_Tour_des_Muverans-front-03.jpg 1300w, https:\/\/along-the-ridge.ch\/wp-content\/uploads\/2024\/07\/VD_Tour_des_Muverans-front-03-300x225.jpg 300w, https:\/\/along-the-ridge.ch\/wp-content\/uploads\/2024\/07\/VD_Tour_des_Muverans-front-03-1024x768.jpg 1024w, https:\/\/along-the-ridge.ch\/wp-content\/uploads\/2024\/07\/VD_Tour_des_Muverans-front-03-768x576.jpg 768w\" sizes=\"(max-width: 1300px) 100vw, 1300px\" \/>\t\t<\/a>\n\t<\/div>\n<\/div>\n\t\t<div class=\"qodef-e-content\">\n\t\t\t<div class=\"qodef-e-top-holder\">\n\t\t\t\t<div class=\"qodef-e-info\">\n\t\t\t\t\t<a href=\"https:\/\/along-the-ridge.ch\/de\/category\/rando-ete\/\" rel=\"tag\">Randonn\u00e9e p\u00e9destre<\/a><span class=\"qodef-info-separator-single\"><\/span><a href=\"https:\/\/along-the-ridge.ch\/de\/category\/recits\/\" rel=\"tag\">R\u00e9cits<\/a><div class=\"qodef-info-separator-end\"><\/div><a itemprop=\"dateCreated\" href=\"https:\/\/along-the-ridge.ch\/de\/2024\/07\/\" class=\"entry-date \">\n\t31. Juli 2024<\/a><div class=\"qodef-info-separator-end\"><\/div>\n\t\t\t\t<\/div>\n\t\t\t<\/div>\n\t\t\t<div class=\"qodef-e-text\">\n\t\t\t\t<h2 itemprop=\"name\" class=\"qodef-e-title entry-title\" >\n\t<a itemprop=\"url\" class=\"qodef-e-title-link\" href=\"https:\/\/along-the-ridge.ch\/de\/randonnee-tour-des-muverans\/\">\n\t\tRandonn\u00e9e sur le Tour des Muverans\t<\/a>\n<\/h2>\n\t\t<p itemprop=\"description\" class=\"qodef-e-excerpt\">Le Tour des Muverans est une magnifique randonn\u00e9e emmenant le randonneur \u00e0 travers vallons, r\u00e9serves naturelles, cols, cr\u00eates, lacs et rivi\u00e8res.<\/p>\n\t\t\t\t\t<\/div>\n\t\t\t<div class=\"qodef-e-bottom-holder\">\n\t\t\t\t<div class=\"qodef-e-left\">\n\t\t\t\t\t\t<div class=\"qodef-e-read-more\">\n\t\t<a class=\"qodef-shortcode qodef-m  qodef-button qodef-layout--filled  qodef-html--link\" href=\"https:\/\/along-the-ridge.ch\/de\/randonnee-tour-des-muverans\/\" target=\"_self\"  >\t<span class=\"qodef-m-text\">Mehr lesen<\/span><\/a>\t<\/div>\n\t\t\t\t<\/div>\n\t\t\t<\/div>\n\t\t<\/div>\n\t<\/div>\n<\/article>\n<article class=\"qodef-e qodef-blog-item qodef-grid-item qodef-item--full post-8737 post type-post status-publish format-standard has-post-thumbnail hentry category-rando-ete category-recits tag-1-jour tag-be tag-crete\">\n\t<div class=\"qodef-e-inner\">\n\t\t<div class=\"qodef-e-media\">\n\t\t<div class=\"qodef-e-media-image\">\n\t\t<a itemprop=\"url\" href=\"https:\/\/along-the-ridge.ch\/de\/randonnee-le-long-du-hardergrat-augstmatthorn\/\">\n\t\t\t<img decoding=\"async\" width=\"1300\" height=\"867\" src=\"https:\/\/along-the-ridge.ch\/wp-content\/uploads\/2024\/05\/BE_Hardergrat-front-00279.jpg\" class=\"attachment-full size-full wp-post-image\" alt=\"Hardergrat (Lac de Brienz, Interlaken), Canton de Berne, Suisse - Yorick Brunet - Along the Ridge - Accompagnateur en montagne\" srcset=\"https:\/\/along-the-ridge.ch\/wp-content\/uploads\/2024\/05\/BE_Hardergrat-front-00279.jpg 1300w, https:\/\/along-the-ridge.ch\/wp-content\/uploads\/2024\/05\/BE_Hardergrat-front-00279-300x200.jpg 300w, https:\/\/along-the-ridge.ch\/wp-content\/uploads\/2024\/05\/BE_Hardergrat-front-00279-1024x683.jpg 1024w, https:\/\/along-the-ridge.ch\/wp-content\/uploads\/2024\/05\/BE_Hardergrat-front-00279-768x512.jpg 768w\" sizes=\"(max-width: 1300px) 100vw, 1300px\" \/>\t\t<\/a>\n\t<\/div>\n<\/div>\n\t\t<div class=\"qodef-e-content\">\n\t\t\t<div class=\"qodef-e-top-holder\">\n\t\t\t\t<div class=\"qodef-e-info\">\n\t\t\t\t\t<a href=\"https:\/\/along-the-ridge.ch\/de\/category\/rando-ete\/\" rel=\"tag\">Randonn\u00e9e p\u00e9destre<\/a><span class=\"qodef-info-separator-single\"><\/span><a href=\"https:\/\/along-the-ridge.ch\/de\/category\/recits\/\" rel=\"tag\">R\u00e9cits<\/a><div class=\"qodef-info-separator-end\"><\/div><a itemprop=\"dateCreated\" href=\"https:\/\/along-the-ridge.ch\/de\/2024\/05\/\" class=\"entry-date \">\n\t3. Mai 2024<\/a><div class=\"qodef-info-separator-end\"><\/div>\n\t\t\t\t<\/div>\n\t\t\t<\/div>\n\t\t\t<div class=\"qodef-e-text\">\n\t\t\t\t<h2 itemprop=\"name\" class=\"qodef-e-title entry-title\" >\n\t<a itemprop=\"url\" class=\"qodef-e-title-link\" href=\"https:\/\/along-the-ridge.ch\/de\/randonnee-le-long-du-hardergrat-augstmatthorn\/\">\n\t\tRandonn\u00e9e le long du Hardergrat\t<\/a>\n<\/h2>\n\t\t<p itemprop=\"description\" class=\"qodef-e-excerpt\">Magnifique et exigeante randonn\u00e9e le long du Hardergrat dans la r\u00e9gion d\u2019Interlaken en passant par l\u2019Augstmatthorn. Cette cr\u00eate longe le lac de Brienz.<\/p>\n\t\t\t\t\t<\/div>\n\t\t\t<div class=\"qodef-e-bottom-holder\">\n\t\t\t\t<div class=\"qodef-e-left\">\n\t\t\t\t\t\t<div class=\"qodef-e-read-more\">\n\t\t<a class=\"qodef-shortcode qodef-m  qodef-button qodef-layout--filled  qodef-html--link\" href=\"https:\/\/along-the-ridge.ch\/de\/randonnee-le-long-du-hardergrat-augstmatthorn\/\" target=\"_self\"  >\t<span class=\"qodef-m-text\">Mehr lesen<\/span><\/a>\t<\/div>\n\t\t\t\t<\/div>\n\t\t\t<\/div>\n\t\t<\/div>\n\t<\/div>\n<\/article>\n\t<\/div>\n\t<\/div>\n\t\t\t\t<\/div>\n\t\t\t\t<\/div>\n\t\t\t\t\t<\/div>\n\t\t<\/div>\n\t\t\t\t\t<\/div>\n\t\t<\/section>\n\t\t\t\t<\/div>\n\t\t","protected":false},"excerpt":{"rendered":"<p>Berichte von Wanderungen Die Wanderberichte sind dazu da, m\u00f6gliche Wanderungen mit Along the Ridge vorzustellen. Diese Wanderungen sind derzeit nicht in meinem Programm, waren es aber oder werden es in K\u00fcrze sein. Seid ihr trotzdem an einer dieser Wanderungen interessiert? Wenn ihr Interesse habt, lasst es mich einfach wissen! Randonn\u00e9e p\u00e9destreR\u00e9cits 31 juillet 2024 Randonn\u00e9e [&hellip;]<\/p>\n","protected":false},"author":1,"featured_media":10011,"parent":0,"menu_order":0,"comment_status":"closed","ping_status":"closed","template":"","meta":{"footnotes":""},"class_list":["post-10027","page","type-page","status-publish","has-post-thumbnail","hentry"],"yoast_head":"<!-- This site is optimized with the Yoast SEO plugin v27.4 - https:\/\/yoast.com\/product\/yoast-seo-wordpress\/ -->\n<title>Along the Ridge - Yorick Brunet - Wanderberichte<\/title>\n<meta name=\"description\" content=\"Along the Ridge - Yorick Brunet - ist Wanderleiter in der Schweiz; findet ihr meine Wanderberichte auf meiner Website.\" \/>\n<meta name=\"robots\" content=\"index, follow, max-snippet:-1, max-image-preview:large, max-video-preview:-1\" \/>\n<link rel=\"canonical\" href=\"https:\/\/along-the-ridge.ch\/de\/yorick-brunet-along-the-ridge-berichte-wanderungen\/\" \/>\n<meta property=\"og:locale\" content=\"de_DE\" \/>\n<meta property=\"og:type\" content=\"article\" \/>\n<meta property=\"og:title\" content=\"Along the Ridge - Yorick Brunet - Wanderberichte\" \/>\n<meta property=\"og:description\" content=\"Along the Ridge - Yorick Brunet - ist Wanderleiter in der Schweiz; findet ihr meine Wanderberichte auf meiner Website.\" \/>\n<meta property=\"og:url\" content=\"https:\/\/along-the-ridge.ch\/de\/yorick-brunet-along-the-ridge-berichte-wanderungen\/\" \/>\n<meta property=\"og:site_name\" content=\"Along the Ridge\" \/>\n<meta property=\"article:publisher\" content=\"https:\/\/www.facebook.com\/yorick.brunet\" \/>\n<meta property=\"article:modified_time\" content=\"2025-02-17T12:55:11+00:00\" \/>\n<meta property=\"og:image\" content=\"https:\/\/along-the-ridge.ch\/wp-content\/uploads\/2024\/04\/logo_black_text_400x.png\" \/>\n\t<meta property=\"og:image:width\" content=\"400\" \/>\n\t<meta property=\"og:image:height\" content=\"277\" \/>\n\t<meta property=\"og:image:type\" content=\"image\/png\" \/>\n<meta name=\"twitter:card\" content=\"summary_large_image\" \/>\n<meta name=\"twitter:label1\" content=\"Gesch\u00e4tzte Lesezeit\" \/>\n\t<meta name=\"twitter:data1\" content=\"1\u00a0Minute\" \/>\n<script type=\"application\/ld+json\" class=\"yoast-schema-graph\">{\"@context\":\"https:\\\/\\\/schema.org\",\"@graph\":[{\"@type\":\"WebPage\",\"@id\":\"https:\\\/\\\/along-the-ridge.ch\\\/de\\\/yorick-brunet-along-the-ridge-berichte-wanderungen\\\/\",\"url\":\"https:\\\/\\\/along-the-ridge.ch\\\/de\\\/yorick-brunet-along-the-ridge-berichte-wanderungen\\\/\",\"name\":\"Along the Ridge - Yorick Brunet - Wanderberichte\",\"isPartOf\":{\"@id\":\"https:\\\/\\\/along-the-ridge.ch\\\/de\\\/#website\"},\"primaryImageOfPage\":{\"@id\":\"https:\\\/\\\/along-the-ridge.ch\\\/de\\\/yorick-brunet-along-the-ridge-berichte-wanderungen\\\/#primaryimage\"},\"image\":{\"@id\":\"https:\\\/\\\/along-the-ridge.ch\\\/de\\\/yorick-brunet-along-the-ridge-berichte-wanderungen\\\/#primaryimage\"},\"thumbnailUrl\":\"https:\\\/\\\/along-the-ridge.ch\\\/wp-content\\\/uploads\\\/2024\\\/04\\\/logo_black_text_400x.png\",\"datePublished\":\"2024-05-01T13:28:54+00:00\",\"dateModified\":\"2025-02-17T12:55:11+00:00\",\"description\":\"Along the Ridge - Yorick Brunet - ist Wanderleiter in der Schweiz; findet ihr meine Wanderberichte auf meiner Website.\",\"breadcrumb\":{\"@id\":\"https:\\\/\\\/along-the-ridge.ch\\\/de\\\/yorick-brunet-along-the-ridge-berichte-wanderungen\\\/#breadcrumb\"},\"inLanguage\":\"de\",\"potentialAction\":[{\"@type\":\"ReadAction\",\"target\":[\"https:\\\/\\\/along-the-ridge.ch\\\/de\\\/yorick-brunet-along-the-ridge-berichte-wanderungen\\\/\"]}]},{\"@type\":\"ImageObject\",\"inLanguage\":\"de\",\"@id\":\"https:\\\/\\\/along-the-ridge.ch\\\/de\\\/yorick-brunet-along-the-ridge-berichte-wanderungen\\\/#primaryimage\",\"url\":\"https:\\\/\\\/along-the-ridge.ch\\\/wp-content\\\/uploads\\\/2024\\\/04\\\/logo_black_text_400x.png\",\"contentUrl\":\"https:\\\/\\\/along-the-ridge.ch\\\/wp-content\\\/uploads\\\/2024\\\/04\\\/logo_black_text_400x.png\",\"width\":400,\"height\":277,\"caption\":\"Yorick Brunet - Along the Ridge - Wanderleiter\"},{\"@type\":\"BreadcrumbList\",\"@id\":\"https:\\\/\\\/along-the-ridge.ch\\\/de\\\/yorick-brunet-along-the-ridge-berichte-wanderungen\\\/#breadcrumb\",\"itemListElement\":[{\"@type\":\"ListItem\",\"position\":1,\"name\":\"Home\",\"item\":\"https:\\\/\\\/along-the-ridge.ch\\\/de\\\/yorick-brunet-along-the-ridge-wanderleiter\\\/\"},{\"@type\":\"ListItem\",\"position\":2,\"name\":\"Wanderberichte\"}]},{\"@type\":\"WebSite\",\"@id\":\"https:\\\/\\\/along-the-ridge.ch\\\/de\\\/#website\",\"url\":\"https:\\\/\\\/along-the-ridge.ch\\\/de\\\/\",\"name\":\"Along the Ridge\",\"description\":\"\",\"publisher\":{\"@id\":\"https:\\\/\\\/along-the-ridge.ch\\\/de\\\/#organization\"},\"potentialAction\":[{\"@type\":\"SearchAction\",\"target\":{\"@type\":\"EntryPoint\",\"urlTemplate\":\"https:\\\/\\\/along-the-ridge.ch\\\/de\\\/?s={search_term_string}\"},\"query-input\":{\"@type\":\"PropertyValueSpecification\",\"valueRequired\":true,\"valueName\":\"search_term_string\"}}],\"inLanguage\":\"de\"},{\"@type\":\"Organization\",\"@id\":\"https:\\\/\\\/along-the-ridge.ch\\\/de\\\/#organization\",\"name\":\"Along the Ridge\",\"url\":\"https:\\\/\\\/along-the-ridge.ch\\\/de\\\/\",\"logo\":{\"@type\":\"ImageObject\",\"inLanguage\":\"de\",\"@id\":\"https:\\\/\\\/along-the-ridge.ch\\\/de\\\/#\\\/schema\\\/logo\\\/image\\\/\",\"url\":\"https:\\\/\\\/along-the-ridge.ch\\\/wp-content\\\/uploads\\\/2024\\\/04\\\/logo_black_text_400x.png\",\"contentUrl\":\"https:\\\/\\\/along-the-ridge.ch\\\/wp-content\\\/uploads\\\/2024\\\/04\\\/logo_black_text_400x.png\",\"width\":400,\"height\":277,\"caption\":\"Along the Ridge\"},\"image\":{\"@id\":\"https:\\\/\\\/along-the-ridge.ch\\\/de\\\/#\\\/schema\\\/logo\\\/image\\\/\"},\"sameAs\":[\"https:\\\/\\\/www.facebook.com\\\/yorick.brunet\",\"https:\\\/\\\/www.instagram.com\\\/along.the.ridge.ch\\\/\"]}]}<\/script>\n<!-- \/ Yoast SEO plugin. -->","yoast_head_json":{"title":"Along the Ridge - Yorick Brunet - Wanderberichte","description":"Along the Ridge - Yorick Brunet - ist Wanderleiter in der Schweiz; findet ihr meine Wanderberichte auf meiner Website.","robots":{"index":"index","follow":"follow","max-snippet":"max-snippet:-1","max-image-preview":"max-image-preview:large","max-video-preview":"max-video-preview:-1"},"canonical":"https:\/\/along-the-ridge.ch\/de\/yorick-brunet-along-the-ridge-berichte-wanderungen\/","og_locale":"de_DE","og_type":"article","og_title":"Along the Ridge - Yorick Brunet - Wanderberichte","og_description":"Along the Ridge - Yorick Brunet - ist Wanderleiter in der Schweiz; findet ihr meine Wanderberichte auf meiner Website.","og_url":"https:\/\/along-the-ridge.ch\/de\/yorick-brunet-along-the-ridge-berichte-wanderungen\/","og_site_name":"Along the Ridge","article_publisher":"https:\/\/www.facebook.com\/yorick.brunet","article_modified_time":"2025-02-17T12:55:11+00:00","og_image":[{"width":400,"height":277,"url":"https:\/\/along-the-ridge.ch\/wp-content\/uploads\/2024\/04\/logo_black_text_400x.png","type":"image\/png"}],"twitter_card":"summary_large_image","twitter_misc":{"Gesch\u00e4tzte Lesezeit":"1\u00a0Minute"},"schema":{"@context":"https:\/\/schema.org","@graph":[{"@type":"WebPage","@id":"https:\/\/along-the-ridge.ch\/de\/yorick-brunet-along-the-ridge-berichte-wanderungen\/","url":"https:\/\/along-the-ridge.ch\/de\/yorick-brunet-along-the-ridge-berichte-wanderungen\/","name":"Along the Ridge - Yorick Brunet - Wanderberichte","isPartOf":{"@id":"https:\/\/along-the-ridge.ch\/de\/#website"},"primaryImageOfPage":{"@id":"https:\/\/along-the-ridge.ch\/de\/yorick-brunet-along-the-ridge-berichte-wanderungen\/#primaryimage"},"image":{"@id":"https:\/\/along-the-ridge.ch\/de\/yorick-brunet-along-the-ridge-berichte-wanderungen\/#primaryimage"},"thumbnailUrl":"https:\/\/along-the-ridge.ch\/wp-content\/uploads\/2024\/04\/logo_black_text_400x.png","datePublished":"2024-05-01T13:28:54+00:00","dateModified":"2025-02-17T12:55:11+00:00","description":"Along the Ridge - Yorick Brunet - ist Wanderleiter in der Schweiz; findet ihr meine Wanderberichte auf meiner Website.","breadcrumb":{"@id":"https:\/\/along-the-ridge.ch\/de\/yorick-brunet-along-the-ridge-berichte-wanderungen\/#breadcrumb"},"inLanguage":"de","potentialAction":[{"@type":"ReadAction","target":["https:\/\/along-the-ridge.ch\/de\/yorick-brunet-along-the-ridge-berichte-wanderungen\/"]}]},{"@type":"ImageObject","inLanguage":"de","@id":"https:\/\/along-the-ridge.ch\/de\/yorick-brunet-along-the-ridge-berichte-wanderungen\/#primaryimage","url":"https:\/\/along-the-ridge.ch\/wp-content\/uploads\/2024\/04\/logo_black_text_400x.png","contentUrl":"https:\/\/along-the-ridge.ch\/wp-content\/uploads\/2024\/04\/logo_black_text_400x.png","width":400,"height":277,"caption":"Yorick Brunet - Along the Ridge - Wanderleiter"},{"@type":"BreadcrumbList","@id":"https:\/\/along-the-ridge.ch\/de\/yorick-brunet-along-the-ridge-berichte-wanderungen\/#breadcrumb","itemListElement":[{"@type":"ListItem","position":1,"name":"Home","item":"https:\/\/along-the-ridge.ch\/de\/yorick-brunet-along-the-ridge-wanderleiter\/"},{"@type":"ListItem","position":2,"name":"Wanderberichte"}]},{"@type":"WebSite","@id":"https:\/\/along-the-ridge.ch\/de\/#website","url":"https:\/\/along-the-ridge.ch\/de\/","name":"Along the Ridge","description":"","publisher":{"@id":"https:\/\/along-the-ridge.ch\/de\/#organization"},"potentialAction":[{"@type":"SearchAction","target":{"@type":"EntryPoint","urlTemplate":"https:\/\/along-the-ridge.ch\/de\/?s={search_term_string}"},"query-input":{"@type":"PropertyValueSpecification","valueRequired":true,"valueName":"search_term_string"}}],"inLanguage":"de"},{"@type":"Organization","@id":"https:\/\/along-the-ridge.ch\/de\/#organization","name":"Along the Ridge","url":"https:\/\/along-the-ridge.ch\/de\/","logo":{"@type":"ImageObject","inLanguage":"de","@id":"https:\/\/along-the-ridge.ch\/de\/#\/schema\/logo\/image\/","url":"https:\/\/along-the-ridge.ch\/wp-content\/uploads\/2024\/04\/logo_black_text_400x.png","contentUrl":"https:\/\/along-the-ridge.ch\/wp-content\/uploads\/2024\/04\/logo_black_text_400x.png","width":400,"height":277,"caption":"Along the Ridge"},"image":{"@id":"https:\/\/along-the-ridge.ch\/de\/#\/schema\/logo\/image\/"},"sameAs":["https:\/\/www.facebook.com\/yorick.brunet","https:\/\/www.instagram.com\/along.the.ridge.ch\/"]}]}},"_links":{"self":[{"href":"https:\/\/along-the-ridge.ch\/de\/wp-json\/wp\/v2\/pages\/10027","targetHints":{"allow":["GET"]}}],"collection":[{"href":"https:\/\/along-the-ridge.ch\/de\/wp-json\/wp\/v2\/pages"}],"about":[{"href":"https:\/\/along-the-ridge.ch\/de\/wp-json\/wp\/v2\/types\/page"}],"author":[{"embeddable":true,"href":"https:\/\/along-the-ridge.ch\/de\/wp-json\/wp\/v2\/users\/1"}],"replies":[{"embeddable":true,"href":"https:\/\/along-the-ridge.ch\/de\/wp-json\/wp\/v2\/comments?post=10027"}],"version-history":[{"count":1,"href":"https:\/\/along-the-ridge.ch\/de\/wp-json\/wp\/v2\/pages\/10027\/revisions"}],"predecessor-version":[{"id":10028,"href":"https:\/\/along-the-ridge.ch\/de\/wp-json\/wp\/v2\/pages\/10027\/revisions\/10028"}],"wp:featuredmedia":[{"embeddable":true,"href":"https:\/\/along-the-ridge.ch\/de\/wp-json\/wp\/v2\/media\/10011"}],"wp:attachment":[{"href":"https:\/\/along-the-ridge.ch\/de\/wp-json\/wp\/v2\/media?parent=10027"}],"curies":[{"name":"wp","href":"https:\/\/api.w.org\/{rel}","templated":true}]}}