{"id":10010,"date":"2024-04-28T16:11:41","date_gmt":"2024-04-28T14:11:41","guid":{"rendered":"https:\/\/along-the-ridge.ch\/yorick-brunet-along-the-ridge-ueber-mich\/"},"modified":"2025-02-24T16:09:35","modified_gmt":"2025-02-24T15:09:35","slug":"yorick-brunet-along-the-ridge-ueber-mich","status":"publish","type":"page","link":"https:\/\/along-the-ridge.ch\/de\/yorick-brunet-along-the-ridge-ueber-mich\/","title":{"rendered":"\u00dcber mich"},"content":{"rendered":"\t\t<div data-elementor-type=\"wp-page\" data-elementor-id=\"10010\" class=\"elementor elementor-10010 elementor-8617\">\n\t\t\t\t\t\t<section class=\"elementor-section elementor-top-section elementor-element elementor-element-0529552 elementor-section-boxed elementor-section-height-default elementor-section-height-default\" data-id=\"0529552\" data-element_type=\"section\" data-e-type=\"section\">\n\t\t\t\t\t\t<div class=\"elementor-container elementor-column-gap-default\">\n\t\t\t\t\t<div class=\"elementor-column elementor-col-100 elementor-top-column elementor-element elementor-element-0490f60\" data-id=\"0490f60\" data-element_type=\"column\" data-e-type=\"column\">\n\t\t\t<div class=\"elementor-widget-wrap elementor-element-populated\">\n\t\t\t\t\t\t<div class=\"elementor-element elementor-element-c109cc1 elementor-widget elementor-widget-heading\" data-id=\"c109cc1\" data-element_type=\"widget\" data-e-type=\"widget\" data-widget_type=\"heading.default\">\n\t\t\t\t<div class=\"elementor-widget-container\">\n\t\t\t\t\t<h1 class=\"elementor-heading-title elementor-size-default\">\u00dcber mich<\/h1>\t\t\t\t<\/div>\n\t\t\t\t<\/div>\n\t\t<div class=\"elementor-element elementor-element-82ba2fe e-grid e-con-full e-con e-parent\" data-id=\"82ba2fe\" data-element_type=\"container\" data-e-type=\"container\">\n\t\t\t\t<div class=\"elementor-element elementor-element-76bc747 elementor-widget elementor-widget-text-editor\" data-id=\"76bc747\" data-element_type=\"widget\" data-e-type=\"widget\" data-widget_type=\"text-editor.default\">\n\t\t\t\t<div class=\"elementor-widget-container\">\n\t\t\t\t\t\t\t\t\t<p>Ich stamme aus der Westschweiz und bin vor mehr als zehn Jahren nach Bern gezogen, um eine andere Ecke der Schweiz zu entdecken.<\/p><p>Als gelernter Software-Ingenieur habe ich mich mehrere Jahre in diesem Bereich weitergebildet. Dann hatte ich Lust, ein weiteres Seil zu meinem Bogen hinzuzuf\u00fcgen und mich in der Natur zu bet\u00e4tigen, indem ich Wanderleiter wurde. Ich habe <em>Along the Ridge<\/em> gegr\u00fcndet, um meine Wanderungen allen anzubieten. <\/p><p>Ich habe eine besondere Vorliebe f\u00fcr Bergwanderungen. Ich bin immer mit meiner treuen Kamera ausger\u00fcstet, um Grate und Gipfel zu erobern. Ausserdem bin ich ein Fan von B\u00e4dern in kaltem Wasser, die ich in hochgelegenen Seen und Fl\u00fcssen anbiete. Ich freue mich darauf, Sie auf Ihren Wanderungen zu begleiten, sei es zu Fuss im Sommer oder mit Schneeschuhen im Winter.   <\/p><p>F\u00fcr weitere Informationen k\u00f6nnen Sie <a href=\"https:\/\/along-the-ridge.ch\/de\/yorick-brunet-along-the-ridge-kontakt\/\">mich gerne kontaktieren<\/a>, <a href=\"https:\/\/along-the-ridge.ch\/de\/yorick-brunet-along-the-ridge-wanderprogramm\/\">mein Wanderprogramm besuchen<\/a> und <a href=\"https:\/\/along-the-ridge.ch\/de\/yorick-brunet-along-the-ridge-leistungen\/\">sich \u00fcber meine Leistungen erkundigen<\/a>, um von einem Wanderleiter f\u00fcr Ihre n\u00e4chste Wanderung in der Schweiz zu profitieren.<\/p><p><em>Yorick Brunet &#8211; Along the Ridge<\/em><\/p>\t\t\t\t\t\t\t\t<\/div>\n\t\t\t\t<\/div>\n\t\t\t\t<div class=\"elementor-element elementor-element-efbde98 elementor-widget elementor-widget-image\" data-id=\"efbde98\" data-element_type=\"widget\" data-e-type=\"widget\" data-widget_type=\"image.default\">\n\t\t\t\t<div class=\"elementor-widget-container\">\n\t\t\t\t\t\t\t\t\t\t\t\t\t\t\t<img fetchpriority=\"high\" decoding=\"async\" width=\"1000\" height=\"750\" src=\"https:\/\/along-the-ridge.ch\/wp-content\/uploads\/2024\/07\/photo_y_2.jpg\" class=\"attachment-large size-large wp-image-9131\" alt=\"Yorick Brunet - Along the Ridge - Accompagnateur en montagne\" srcset=\"https:\/\/along-the-ridge.ch\/wp-content\/uploads\/2024\/07\/photo_y_2.jpg 1000w, https:\/\/along-the-ridge.ch\/wp-content\/uploads\/2024\/07\/photo_y_2-300x225.jpg 300w, https:\/\/along-the-ridge.ch\/wp-content\/uploads\/2024\/07\/photo_y_2-768x576.jpg 768w\" sizes=\"(max-width: 1000px) 100vw, 1000px\" \/>\t\t\t\t\t\t\t\t\t\t\t\t\t\t\t<\/div>\n\t\t\t\t<\/div>\n\t\t\t\t<\/div>\n\t\t\t\t\t<\/div>\n\t\t<\/div>\n\t\t\t\t\t<\/div>\n\t\t<\/section>\n\t\t\t\t<\/div>\n\t\t","protected":false},"excerpt":{"rendered":"<p>\u00dcber mich Ich stamme aus der Westschweiz und bin vor mehr als zehn Jahren nach Bern gezogen, um eine andere Ecke der Schweiz zu entdecken. Als gelernter Software-Ingenieur habe ich mich mehrere Jahre in diesem Bereich weitergebildet. Dann hatte ich Lust, ein weiteres Seil zu meinem Bogen hinzuzuf\u00fcgen und mich in der Natur zu bet\u00e4tigen, [&hellip;]<\/p>\n","protected":false},"author":1,"featured_media":10011,"parent":0,"menu_order":0,"comment_status":"closed","ping_status":"closed","template":"page-full-width.php","meta":{"footnotes":""},"class_list":["post-10010","page","type-page","status-publish","has-post-thumbnail","hentry"],"yoast_head":"<!-- This site is optimized with the Yoast SEO plugin v27.6 - https:\/\/yoast.com\/product\/yoast-seo-wordpress\/ -->\n<title>Along the Ridge - Yorick Brunet - \u00dcber mich<\/title>\n<meta name=\"description\" content=\"Along the Ridge - Yorick Brunet - ist Wanderleiter in der Schweiz; kontaktieren Sie mich f\u00fcr weitere Informationen.\" \/>\n<meta name=\"robots\" content=\"index, follow, max-snippet:-1, max-image-preview:large, max-video-preview:-1\" \/>\n<link rel=\"canonical\" href=\"https:\/\/along-the-ridge.ch\/de\/yorick-brunet-along-the-ridge-ueber-mich\/\" \/>\n<meta property=\"og:locale\" content=\"de_DE\" \/>\n<meta property=\"og:type\" content=\"article\" \/>\n<meta property=\"og:title\" content=\"Along the Ridge - Yorick Brunet - \u00dcber mich\" \/>\n<meta property=\"og:description\" content=\"Along the Ridge - Yorick Brunet - ist Wanderleiter in der Schweiz; kontaktieren Sie mich f\u00fcr weitere Informationen.\" \/>\n<meta property=\"og:url\" content=\"https:\/\/along-the-ridge.ch\/de\/yorick-brunet-along-the-ridge-ueber-mich\/\" \/>\n<meta property=\"og:site_name\" content=\"Along the Ridge\" \/>\n<meta property=\"article:publisher\" content=\"https:\/\/www.facebook.com\/yorick.brunet\" \/>\n<meta property=\"article:modified_time\" content=\"2025-02-24T15:09:35+00:00\" \/>\n<meta property=\"og:image\" content=\"https:\/\/along-the-ridge.ch\/wp-content\/uploads\/2024\/04\/logo_black_text_400x.png\" \/>\n\t<meta property=\"og:image:width\" content=\"400\" \/>\n\t<meta property=\"og:image:height\" content=\"277\" \/>\n\t<meta property=\"og:image:type\" content=\"image\/png\" \/>\n<meta name=\"twitter:card\" content=\"summary_large_image\" \/>\n<meta name=\"twitter:label1\" content=\"Gesch\u00e4tzte Lesezeit\" \/>\n\t<meta name=\"twitter:data1\" content=\"1\u00a0Minute\" \/>\n<script type=\"application\/ld+json\" class=\"yoast-schema-graph\">{\"@context\":\"https:\\\/\\\/schema.org\",\"@graph\":[{\"@type\":\"WebPage\",\"@id\":\"https:\\\/\\\/along-the-ridge.ch\\\/de\\\/yorick-brunet-along-the-ridge-ueber-mich\\\/\",\"url\":\"https:\\\/\\\/along-the-ridge.ch\\\/de\\\/yorick-brunet-along-the-ridge-ueber-mich\\\/\",\"name\":\"Along the Ridge - Yorick Brunet - \u00dcber mich\",\"isPartOf\":{\"@id\":\"https:\\\/\\\/along-the-ridge.ch\\\/de\\\/#website\"},\"primaryImageOfPage\":{\"@id\":\"https:\\\/\\\/along-the-ridge.ch\\\/de\\\/yorick-brunet-along-the-ridge-ueber-mich\\\/#primaryimage\"},\"image\":{\"@id\":\"https:\\\/\\\/along-the-ridge.ch\\\/de\\\/yorick-brunet-along-the-ridge-ueber-mich\\\/#primaryimage\"},\"thumbnailUrl\":\"https:\\\/\\\/along-the-ridge.ch\\\/wp-content\\\/uploads\\\/2024\\\/04\\\/logo_black_text_400x.png\",\"datePublished\":\"2024-04-28T14:11:41+00:00\",\"dateModified\":\"2025-02-24T15:09:35+00:00\",\"description\":\"Along the Ridge - Yorick Brunet - ist Wanderleiter in der Schweiz; kontaktieren Sie mich f\u00fcr weitere Informationen.\",\"breadcrumb\":{\"@id\":\"https:\\\/\\\/along-the-ridge.ch\\\/de\\\/yorick-brunet-along-the-ridge-ueber-mich\\\/#breadcrumb\"},\"inLanguage\":\"de\",\"potentialAction\":[{\"@type\":\"ReadAction\",\"target\":[\"https:\\\/\\\/along-the-ridge.ch\\\/de\\\/yorick-brunet-along-the-ridge-ueber-mich\\\/\"]}]},{\"@type\":\"ImageObject\",\"inLanguage\":\"de\",\"@id\":\"https:\\\/\\\/along-the-ridge.ch\\\/de\\\/yorick-brunet-along-the-ridge-ueber-mich\\\/#primaryimage\",\"url\":\"https:\\\/\\\/along-the-ridge.ch\\\/wp-content\\\/uploads\\\/2024\\\/04\\\/logo_black_text_400x.png\",\"contentUrl\":\"https:\\\/\\\/along-the-ridge.ch\\\/wp-content\\\/uploads\\\/2024\\\/04\\\/logo_black_text_400x.png\",\"width\":400,\"height\":277,\"caption\":\"Yorick Brunet - Along the Ridge - Wanderleiter\"},{\"@type\":\"BreadcrumbList\",\"@id\":\"https:\\\/\\\/along-the-ridge.ch\\\/de\\\/yorick-brunet-along-the-ridge-ueber-mich\\\/#breadcrumb\",\"itemListElement\":[{\"@type\":\"ListItem\",\"position\":1,\"name\":\"Home\",\"item\":\"https:\\\/\\\/along-the-ridge.ch\\\/de\\\/yorick-brunet-along-the-ridge-wanderleiter\\\/\"},{\"@type\":\"ListItem\",\"position\":2,\"name\":\"\u00dcber mich\"}]},{\"@type\":\"WebSite\",\"@id\":\"https:\\\/\\\/along-the-ridge.ch\\\/de\\\/#website\",\"url\":\"https:\\\/\\\/along-the-ridge.ch\\\/de\\\/\",\"name\":\"Along the Ridge\",\"description\":\"\",\"publisher\":{\"@id\":\"https:\\\/\\\/along-the-ridge.ch\\\/de\\\/#organization\"},\"potentialAction\":[{\"@type\":\"SearchAction\",\"target\":{\"@type\":\"EntryPoint\",\"urlTemplate\":\"https:\\\/\\\/along-the-ridge.ch\\\/de\\\/?s={search_term_string}\"},\"query-input\":{\"@type\":\"PropertyValueSpecification\",\"valueRequired\":true,\"valueName\":\"search_term_string\"}}],\"inLanguage\":\"de\"},{\"@type\":\"Organization\",\"@id\":\"https:\\\/\\\/along-the-ridge.ch\\\/de\\\/#organization\",\"name\":\"Along the Ridge\",\"url\":\"https:\\\/\\\/along-the-ridge.ch\\\/de\\\/\",\"logo\":{\"@type\":\"ImageObject\",\"inLanguage\":\"de\",\"@id\":\"https:\\\/\\\/along-the-ridge.ch\\\/de\\\/#\\\/schema\\\/logo\\\/image\\\/\",\"url\":\"https:\\\/\\\/along-the-ridge.ch\\\/wp-content\\\/uploads\\\/2024\\\/04\\\/logo_black_text_400x.png\",\"contentUrl\":\"https:\\\/\\\/along-the-ridge.ch\\\/wp-content\\\/uploads\\\/2024\\\/04\\\/logo_black_text_400x.png\",\"width\":400,\"height\":277,\"caption\":\"Along the Ridge\"},\"image\":{\"@id\":\"https:\\\/\\\/along-the-ridge.ch\\\/de\\\/#\\\/schema\\\/logo\\\/image\\\/\"},\"sameAs\":[\"https:\\\/\\\/www.facebook.com\\\/yorick.brunet\",\"https:\\\/\\\/www.instagram.com\\\/along.the.ridge.ch\\\/\"]}]}<\/script>\n<!-- \/ Yoast SEO plugin. -->","yoast_head_json":{"title":"Along the Ridge - Yorick Brunet - \u00dcber mich","description":"Along the Ridge - Yorick Brunet - ist Wanderleiter in der Schweiz; kontaktieren Sie mich f\u00fcr weitere Informationen.","robots":{"index":"index","follow":"follow","max-snippet":"max-snippet:-1","max-image-preview":"max-image-preview:large","max-video-preview":"max-video-preview:-1"},"canonical":"https:\/\/along-the-ridge.ch\/de\/yorick-brunet-along-the-ridge-ueber-mich\/","og_locale":"de_DE","og_type":"article","og_title":"Along the Ridge - Yorick Brunet - \u00dcber mich","og_description":"Along the Ridge - Yorick Brunet - ist Wanderleiter in der Schweiz; kontaktieren Sie mich f\u00fcr weitere Informationen.","og_url":"https:\/\/along-the-ridge.ch\/de\/yorick-brunet-along-the-ridge-ueber-mich\/","og_site_name":"Along the Ridge","article_publisher":"https:\/\/www.facebook.com\/yorick.brunet","article_modified_time":"2025-02-24T15:09:35+00:00","og_image":[{"width":400,"height":277,"url":"https:\/\/along-the-ridge.ch\/wp-content\/uploads\/2024\/04\/logo_black_text_400x.png","type":"image\/png"}],"twitter_card":"summary_large_image","twitter_misc":{"Gesch\u00e4tzte Lesezeit":"1\u00a0Minute"},"schema":{"@context":"https:\/\/schema.org","@graph":[{"@type":"WebPage","@id":"https:\/\/along-the-ridge.ch\/de\/yorick-brunet-along-the-ridge-ueber-mich\/","url":"https:\/\/along-the-ridge.ch\/de\/yorick-brunet-along-the-ridge-ueber-mich\/","name":"Along the Ridge - Yorick Brunet - \u00dcber mich","isPartOf":{"@id":"https:\/\/along-the-ridge.ch\/de\/#website"},"primaryImageOfPage":{"@id":"https:\/\/along-the-ridge.ch\/de\/yorick-brunet-along-the-ridge-ueber-mich\/#primaryimage"},"image":{"@id":"https:\/\/along-the-ridge.ch\/de\/yorick-brunet-along-the-ridge-ueber-mich\/#primaryimage"},"thumbnailUrl":"https:\/\/along-the-ridge.ch\/wp-content\/uploads\/2024\/04\/logo_black_text_400x.png","datePublished":"2024-04-28T14:11:41+00:00","dateModified":"2025-02-24T15:09:35+00:00","description":"Along the Ridge - Yorick Brunet - ist Wanderleiter in der Schweiz; kontaktieren Sie mich f\u00fcr weitere Informationen.","breadcrumb":{"@id":"https:\/\/along-the-ridge.ch\/de\/yorick-brunet-along-the-ridge-ueber-mich\/#breadcrumb"},"inLanguage":"de","potentialAction":[{"@type":"ReadAction","target":["https:\/\/along-the-ridge.ch\/de\/yorick-brunet-along-the-ridge-ueber-mich\/"]}]},{"@type":"ImageObject","inLanguage":"de","@id":"https:\/\/along-the-ridge.ch\/de\/yorick-brunet-along-the-ridge-ueber-mich\/#primaryimage","url":"https:\/\/along-the-ridge.ch\/wp-content\/uploads\/2024\/04\/logo_black_text_400x.png","contentUrl":"https:\/\/along-the-ridge.ch\/wp-content\/uploads\/2024\/04\/logo_black_text_400x.png","width":400,"height":277,"caption":"Yorick Brunet - Along the Ridge - Wanderleiter"},{"@type":"BreadcrumbList","@id":"https:\/\/along-the-ridge.ch\/de\/yorick-brunet-along-the-ridge-ueber-mich\/#breadcrumb","itemListElement":[{"@type":"ListItem","position":1,"name":"Home","item":"https:\/\/along-the-ridge.ch\/de\/yorick-brunet-along-the-ridge-wanderleiter\/"},{"@type":"ListItem","position":2,"name":"\u00dcber mich"}]},{"@type":"WebSite","@id":"https:\/\/along-the-ridge.ch\/de\/#website","url":"https:\/\/along-the-ridge.ch\/de\/","name":"Along the Ridge","description":"","publisher":{"@id":"https:\/\/along-the-ridge.ch\/de\/#organization"},"potentialAction":[{"@type":"SearchAction","target":{"@type":"EntryPoint","urlTemplate":"https:\/\/along-the-ridge.ch\/de\/?s={search_term_string}"},"query-input":{"@type":"PropertyValueSpecification","valueRequired":true,"valueName":"search_term_string"}}],"inLanguage":"de"},{"@type":"Organization","@id":"https:\/\/along-the-ridge.ch\/de\/#organization","name":"Along the Ridge","url":"https:\/\/along-the-ridge.ch\/de\/","logo":{"@type":"ImageObject","inLanguage":"de","@id":"https:\/\/along-the-ridge.ch\/de\/#\/schema\/logo\/image\/","url":"https:\/\/along-the-ridge.ch\/wp-content\/uploads\/2024\/04\/logo_black_text_400x.png","contentUrl":"https:\/\/along-the-ridge.ch\/wp-content\/uploads\/2024\/04\/logo_black_text_400x.png","width":400,"height":277,"caption":"Along the Ridge"},"image":{"@id":"https:\/\/along-the-ridge.ch\/de\/#\/schema\/logo\/image\/"},"sameAs":["https:\/\/www.facebook.com\/yorick.brunet","https:\/\/www.instagram.com\/along.the.ridge.ch\/"]}]}},"_links":{"self":[{"href":"https:\/\/along-the-ridge.ch\/de\/wp-json\/wp\/v2\/pages\/10010","targetHints":{"allow":["GET"]}}],"collection":[{"href":"https:\/\/along-the-ridge.ch\/de\/wp-json\/wp\/v2\/pages"}],"about":[{"href":"https:\/\/along-the-ridge.ch\/de\/wp-json\/wp\/v2\/types\/page"}],"author":[{"embeddable":true,"href":"https:\/\/along-the-ridge.ch\/de\/wp-json\/wp\/v2\/users\/1"}],"replies":[{"embeddable":true,"href":"https:\/\/along-the-ridge.ch\/de\/wp-json\/wp\/v2\/comments?post=10010"}],"version-history":[{"count":5,"href":"https:\/\/along-the-ridge.ch\/de\/wp-json\/wp\/v2\/pages\/10010\/revisions"}],"predecessor-version":[{"id":10053,"href":"https:\/\/along-the-ridge.ch\/de\/wp-json\/wp\/v2\/pages\/10010\/revisions\/10053"}],"wp:featuredmedia":[{"embeddable":true,"href":"https:\/\/along-the-ridge.ch\/de\/wp-json\/wp\/v2\/media\/10011"}],"wp:attachment":[{"href":"https:\/\/along-the-ridge.ch\/de\/wp-json\/wp\/v2\/media?parent=10010"}],"curies":[{"name":"wp","href":"https:\/\/api.w.org\/{rel}","templated":true}]}}